{"id":594,"date":"2017-03-12T18:29:41","date_gmt":"2017-03-12T17:29:41","guid":{"rendered":"https:\/\/www.thediar.com\/?page_id=594"},"modified":"2020-09-10T15:05:17","modified_gmt":"2020-09-10T13:05:17","slug":"google-analytics-medida-los-limites-los-pones-tu","status":"publish","type":"page","link":"https:\/\/www.thediar.com\/en\/training-and-empowerment\/google-analytics-medida-los-limites-los-pones-tu\/","title":{"rendered":"(Espa\u00f1ol) Google Analytics a medida: los l\u00edmites los pones t\u00fa"},"content":{"rendered":"<p class=\"qtranxs-available-languages-message qtranxs-available-languages-message-en\">Sorry, this entry is only available in <a href=\"https:\/\/www.thediar.com\/es\/wp-json\/wp\/v2\/pages\/594\" class=\"qtranxs-available-language-link qtranxs-available-language-link-es\" title=\"Espa\u00f1ol\">Espa\u00f1ol<\/a>.<\/p>","protected":false},"excerpt":{"rendered":"<p>Sorry, this entry is only available in Espa\u00f1ol.<\/p>\n","protected":false},"author":1,"featured_media":0,"parent":105,"menu_order":0,"comment_status":"closed","ping_status":"closed","template":"","meta":{"footnotes":""},"class_list":["post-594","page","type-page","status-publish","hentry","clearfix"],"aioseo_notices":[],"jetpack_shortlink":"https:\/\/wp.me\/P8d1gX-9A","jetpack_sharing_enabled":true,"_links":{"self":[{"href":"https:\/\/www.thediar.com\/en\/wp-json\/wp\/v2\/pages\/594","targetHints":{"allow":["GET"]}}],"collection":[{"href":"https:\/\/www.thediar.com\/en\/wp-json\/wp\/v2\/pages"}],"about":[{"href":"https:\/\/www.thediar.com\/en\/wp-json\/wp\/v2\/types\/page"}],"author":[{"embeddable":true,"href":"https:\/\/www.thediar.com\/en\/wp-json\/wp\/v2\/users\/1"}],"replies":[{"embeddable":true,"href":"https:\/\/www.thediar.com\/en\/wp-json\/wp\/v2\/comments?post=594"}],"version-history":[{"count":1,"href":"https:\/\/www.thediar.com\/en\/wp-json\/wp\/v2\/pages\/594\/revisions"}],"predecessor-version":[{"id":595,"href":"https:\/\/www.thediar.com\/en\/wp-json\/wp\/v2\/pages\/594\/revisions\/595"}],"up":[{"embeddable":true,"href":"https:\/\/www.thediar.com\/en\/wp-json\/wp\/v2\/pages\/105"}],"wp:attachment":[{"href":"https:\/\/www.thediar.com\/en\/wp-json\/wp\/v2\/media?parent=594"}],"curies":[{"name":"wp","href":"https:\/\/api.w.org\/{rel}","templated":true}]}}