{"id":37,"date":"2016-12-15T20:34:14","date_gmt":"2016-12-15T20:34:14","guid":{"rendered":"http:\/\/dev.thediar.com\/?page_id=37"},"modified":"2019-07-09T19:06:32","modified_gmt":"2019-07-09T17:06:32","slug":"what-we-do","status":"publish","type":"page","link":"https:\/\/www.thediar.com\/es\/what-we-do\/","title":{"rendered":"Optimiza tu negocio"},"content":{"rendered":"<p><img data-recalc-dims=\"1\" loading=\"lazy\" decoding=\"async\" class=\"alignright wp-image-227 size-full\" src=\"https:\/\/i0.wp.com\/www.thediar.com\/wp-content\/uploads\/maletin-cast.png?resize=562%2C448\" alt=\"Servicios de optimizaci\u00f3n implusados con datos\" width=\"562\" height=\"448\" srcset=\"https:\/\/i0.wp.com\/www.thediar.com\/wp-content\/uploads\/maletin-cast.png?w=562&amp;ssl=1 562w, https:\/\/i0.wp.com\/www.thediar.com\/wp-content\/uploads\/maletin-cast.png?resize=300%2C239&amp;ssl=1 300w, https:\/\/i0.wp.com\/www.thediar.com\/wp-content\/uploads\/maletin-cast.png?resize=520%2C415&amp;ssl=1 520w, https:\/\/i0.wp.com\/www.thediar.com\/wp-content\/uploads\/maletin-cast.png?resize=360%2C287&amp;ssl=1 360w, https:\/\/i0.wp.com\/www.thediar.com\/wp-content\/uploads\/maletin-cast.png?resize=250%2C199&amp;ssl=1 250w, https:\/\/i0.wp.com\/www.thediar.com\/wp-content\/uploads\/maletin-cast.png?resize=100%2C80&amp;ssl=1 100w\" sizes=\"auto, (max-width: 562px) 100vw, 562px\" \/><\/p>\n<h2>Empieza a Competir con An\u00e1lisis<\/h2>\n<p>Te ayudamos a realizar decisiones basadas en datos, haciendo un uso altamente efectivo de los datos:<\/p>\n<ul>\n<li style=\"list-style-type: none;\">\n<ul>\n<li style=\"list-style-type: none;\">\n<ul>\n<li><strong>Decide usando una Visi\u00f3n Completa de tu Negocio<\/strong>, te ayudamos a relacionar varias fuentes y grandes datos de una forma integral.<\/li>\n<li><strong>Contesta las Preguntas Correctas Correctamente<\/strong>, te ayudamos a formular las preguntas adecuadas con los mejores datos y an\u00e1lisis.<\/li>\n<li><strong>Detecta Nuevas Oportunidades de Negocio<\/strong>, te ayudamos a encontrar patrones en tus datos.<\/li>\n<\/ul>\n<\/li>\n<\/ul>\n<\/li>\n<\/ul>\n<p><strong><a href=\"https:\/\/www.thediar.com\/es\/what-we-do\/business-and-data-analytics\/\">An\u00e1lisis de Datos y Negocio<\/a><\/strong><br \/>\nInteligencia de Cliente, An\u00e1lisis de Merchandizing, ROI, Modelos de Atribuci\u00f3n y Modelos Up-sell y cross-sell.<\/p>\n<p><strong><a href=\"https:\/\/www.thediar.com\/es\/what-we-do\/business-intelligence\/\">Visualizaci\u00f3n de Datos e Inteligencia de Negocios<\/a><\/strong><br \/>\nCuadros de Mando, Reportes, Flujos de Comunicaci\u00f3n, Consolidaci\u00f3n de Datos y Alineaci\u00f3n de Objetivos.<\/p>\n<p><strong><a href=\"https:\/\/www.thediar.com\/es\/what-we-do\/digital-analytics-and-cro\/\">Anal\u00edtica Marketing Digital y Optimizaci\u00f3n de la Conversi\u00f3n<\/a><\/strong><br \/>\nAn\u00e1lisis Omnicanal, Test A\/B, Comportamiento de Usuario, An\u00e1lisis de Fuentes de Tr\u00e1fico y Gesti\u00f3n de Tags.<\/p>\n<p><strong><a href=\"https:\/\/www.thediar.com\/es\/what-we-do\/data-integration-processing\/\">Integraci\u00f3n y Procesamiento de Datos<\/a><\/strong><br \/>\nData Warehousing, Data-on-time, Flujos de Datos, Deduplicaci\u00f3n de Datos y Limpieza de Datos.<\/p>\n<p><strong><a href=\"https:\/\/www.thediar.com\/es\/what-we-do\/operations-and-strategy\/\">Externalizaci\u00f3n, Optimizaci\u00f3n y Estrategia de Operaciones<\/a><\/strong><br \/>\nAhorro de Costes, Log\u00edstica, Call Center, Atenci\u00f3n al Cliente, Pagos y Optimizaci\u00f3n de Planificaci\u00f3n del Negocio.<\/p>\n<p><strong><a href=\"https:\/\/www.thediar.com\/es\/training-and-empowerment\/\">Formaci\u00f3n y Apoderamiento<\/a><\/strong><br \/>\nHerramientas, Data Mining, Anal\u00edtica Digital, DWH y Apoderamiento en An\u00e1lisis de Datos y Negocios.<\/p>\n<p style=\"text-align: center;\"><strong>Impulsamos la eficienca de tu negocio\u00a0combinando las mejores herramientas y tecnolog\u00edas con experiencia en operaciones, entregamos conocimiento de manera integral.<\/strong><\/p>\n<p style=\"text-align: center;\"><strong><a href=\"https:\/\/www.thediar.com\/es\/meet-the-team\/success-stories\/\">Descubre c\u00f3mo hemos mejorado negocios de nuestros clientes<\/a><\/strong><\/p>\n<p><aside id=\"text-4\" class=\"widget widget_text amr_widget\"><h4 class=\"widget-title\">Descubre qu\u00e9 \u00e9xitos podemos hacer posible en tu compa\u00f1\u00eda<\/h4>\t\t\t<div class=\"textwidget\"><a class=\"button\" href=\"\/es\/meet-the-team\/success-stories\/\">Casos de \u00c9xito<\/a><\/div>\n\t\t<\/aside><\/p>","protected":false},"excerpt":{"rendered":"<p>Empieza a Competir con An\u00e1lisis Te ayudamos a realizar decisiones basadas en datos, haciendo un uso altamente efectivo de los datos: Decide usando una Visi\u00f3n Completa de tu Negocio, te ayudamos a relacionar varias fuentes y grandes datos de una [&hellip;]<\/p>\n","protected":false},"author":1,"featured_media":0,"parent":0,"menu_order":0,"comment_status":"closed","ping_status":"closed","template":"page-templates\/page_fullwidth.php","meta":{"footnotes":""},"class_list":["post-37","page","type-page","status-publish","hentry","clearfix"],"aioseo_notices":[],"jetpack_shortlink":"https:\/\/wp.me\/P8d1gX-B","jetpack_sharing_enabled":true,"_links":{"self":[{"href":"https:\/\/www.thediar.com\/es\/wp-json\/wp\/v2\/pages\/37","targetHints":{"allow":["GET"]}}],"collection":[{"href":"https:\/\/www.thediar.com\/es\/wp-json\/wp\/v2\/pages"}],"about":[{"href":"https:\/\/www.thediar.com\/es\/wp-json\/wp\/v2\/types\/page"}],"author":[{"embeddable":true,"href":"https:\/\/www.thediar.com\/es\/wp-json\/wp\/v2\/users\/1"}],"replies":[{"embeddable":true,"href":"https:\/\/www.thediar.com\/es\/wp-json\/wp\/v2\/comments?post=37"}],"version-history":[{"count":42,"href":"https:\/\/www.thediar.com\/es\/wp-json\/wp\/v2\/pages\/37\/revisions"}],"predecessor-version":[{"id":1900,"href":"https:\/\/www.thediar.com\/es\/wp-json\/wp\/v2\/pages\/37\/revisions\/1900"}],"wp:attachment":[{"href":"https:\/\/www.thediar.com\/es\/wp-json\/wp\/v2\/media?parent=37"}],"curies":[{"name":"wp","href":"https:\/\/api.w.org\/{rel}","templated":true}]}}