{"id":41,"date":"2016-12-15T20:41:09","date_gmt":"2016-12-15T20:41:09","guid":{"rendered":"http:\/\/dev.thediar.com\/?page_id=41"},"modified":"2024-02-02T15:18:57","modified_gmt":"2024-02-02T14:18:57","slug":"about","status":"publish","type":"page","link":"https:\/\/www.thediar.com\/es\/","title":{"rendered":"Convi\u00e9rtete en un negocio impulsado a trav\u00e9s de sus datos"},"content":{"rendered":"<p><\/p>\n<div style=\"width: 45%; min-width: 324px; float: left; min-height: 200px;\">\n<ul>\n<li><strong>Empieza a Competir con Inteligencia de Negocio<\/strong><\/li>\n<li><strong>Consigue una visi\u00f3n integral de tu negocio<\/strong><\/li>\n<li><strong>Contesta Bien las Preguntas Correctas<\/strong><\/li>\n<li><strong>Descubre nuevas oportunidades de negocio<\/strong><\/li>\n<\/ul>\n<\/div>\n<div style=\"width: 45%; min-width: 324px; float: right;\">\n<h2><strong><a href=\"https:\/\/www.thediar.com\/es\/what-we-do\/\">Conoce nuestro enfoque y los servicios<\/a><\/strong><\/h2>\n<p>&nbsp;<\/p>\n<\/div>\n<p><br style=\"clear: both;\" \/><\/p>\n<hr \/>\n<p>&nbsp;<\/p>\n<h1 style=\"text-align: center;\">Retos y resultados<\/h1>\n<p style=\"text-align: center;\">\t\t\t\t<div class=\"jetpack-portfolio-shortcode column-3\">\n\t\t\t\t\t\t\t\t\t<div class=\"portfolio-entry portfolio-entry-column-3 type-success-stories portfolio-entry-mobile-first-item-row portfolio-entry-first-item-row\">\n\t\t\t\t\t\t<header class=\"portfolio-entry-header\">\n\t\t\t\t\t\t<a class=\"portfolio-featured-image\" href=\"https:\/\/www.thediar.com\/es\/portfolio\/deindeal-ch\/\"><img loading=\"lazy\" decoding=\"async\" width=\"200\" height=\"200\" src=\"https:\/\/i0.wp.com\/www.thediar.com\/wp-content\/uploads\/2016\/12\/deindeal.png?fit=200%2C200&amp;ssl=1\" class=\"attachment-large size-large wp-post-image\" alt=\"\" srcset=\"https:\/\/i0.wp.com\/www.thediar.com\/wp-content\/uploads\/2016\/12\/deindeal.png?w=200&amp;ssl=1 200w, https:\/\/i0.wp.com\/www.thediar.com\/wp-content\/uploads\/2016\/12\/deindeal.png?resize=100%2C100&amp;ssl=1 100w, https:\/\/i0.wp.com\/www.thediar.com\/wp-content\/uploads\/2016\/12\/deindeal.png?resize=50%2C50&amp;ssl=1 50w\" sizes=\"auto, (max-width: 200px) 100vw, 200px\" \/><\/a>\n\t\t\t\t\t\t<h2 class=\"portfolio-entry-title\"><a href=\"https:\/\/www.thediar.com\/es\/portfolio\/deindeal-ch\/\" title=\"DeinDeal.ch, marketing y merchandizing optimizado\">DeinDeal.ch, marketing y merchandizing optimizado<\/a><\/h2>\n\n\t\t\t\t\t\t\t<div class=\"portfolio-entry-meta\">\n\t\t\t\t\t\t\t\t\t\t\t\t\t\t<\/div>\n\n\t\t\t\t\t\t<\/header>\n\n\t\t\t\t\t\t\t\t\t\t\t\t<div class=\"portfolio-entry-content\"><p>La plataforma de descuentos en e-commerce n\u00famero 1 en Suiza. Con el slogan \u00ab\u00a1M\u00e1s ofertas para una mejor vida!\u00bb, DeinDeal busca ser la plataforma de e-commerce m\u00e1s amigable en Suiza, trayendo felicidad a sus usuarios los 365 d\u00edas del a\u00f1o.<\/p>\n<\/div>\n\t\t\t\t\t\t\t\t\t\t\t\t<\/div><!-- close .portfolio-entry -->\n\t\t\t\t\t\t\t\t\t\t<div class=\"portfolio-entry portfolio-entry-column-3 type-success-stories portfolio-entry-mobile-last-item-row\">\n\t\t\t\t\t\t<header class=\"portfolio-entry-header\">\n\t\t\t\t\t\t<a class=\"portfolio-featured-image\" href=\"https:\/\/www.thediar.com\/es\/portfolio\/offerum\/\"><img loading=\"lazy\" decoding=\"async\" width=\"200\" height=\"200\" src=\"https:\/\/i0.wp.com\/www.thediar.com\/wp-content\/uploads\/2016\/12\/offerum.jpg?fit=200%2C200&amp;ssl=1\" class=\"attachment-large size-large wp-post-image\" alt=\"\" srcset=\"https:\/\/i0.wp.com\/www.thediar.com\/wp-content\/uploads\/2016\/12\/offerum.jpg?w=200&amp;ssl=1 200w, https:\/\/i0.wp.com\/www.thediar.com\/wp-content\/uploads\/2016\/12\/offerum.jpg?resize=100%2C100&amp;ssl=1 100w, https:\/\/i0.wp.com\/www.thediar.com\/wp-content\/uploads\/2016\/12\/offerum.jpg?resize=50%2C50&amp;ssl=1 50w\" sizes=\"auto, (max-width: 200px) 100vw, 200px\" \/><\/a>\n\t\t\t\t\t\t<h2 class=\"portfolio-entry-title\"><a href=\"https:\/\/www.thediar.com\/es\/portfolio\/offerum\/\" title=\"Offerum, reducci\u00f3n de carga de trabajo de backend\">Offerum, reducci\u00f3n de carga de trabajo de backend<\/a><\/h2>\n\n\t\t\t\t\t\t\t<div class=\"portfolio-entry-meta\">\n\t\t\t\t\t\t\t\t\t\t\t\t\t\t<\/div>\n\n\t\t\t\t\t\t<\/header>\n\n\t\t\t\t\t\t\t\t\t\t\t\t<div class=\"portfolio-entry-content\"><p>Offerum ofrece diariamente a sus usuarios un amplio rango de actividades exclusivas con descuentos de hasta el 90%: cenas de lujo, escapadas rom\u00e1nticas, espect\u00e1culos exclusivos, etc.<\/p>\n<\/div>\n\t\t\t\t\t\t\t\t\t\t\t\t<\/div><!-- close .portfolio-entry -->\n\t\t\t\t\t\t\t\t\t\t<div class=\"portfolio-entry portfolio-entry-column-3 type-success-stories portfolio-entry-mobile-first-item-row portfolio-entry-last-item-row\">\n\t\t\t\t\t\t<header class=\"portfolio-entry-header\">\n\t\t\t\t\t\t<a class=\"portfolio-featured-image\" href=\"https:\/\/www.thediar.com\/es\/portfolio\/vendo-services\/\"><img loading=\"lazy\" decoding=\"async\" width=\"200\" height=\"200\" src=\"https:\/\/i0.wp.com\/www.thediar.com\/wp-content\/uploads\/vendoservices200.png?fit=200%2C200&amp;ssl=1\" class=\"attachment-large size-large wp-post-image\" alt=\"\" srcset=\"https:\/\/i0.wp.com\/www.thediar.com\/wp-content\/uploads\/vendoservices200.png?w=200&amp;ssl=1 200w, https:\/\/i0.wp.com\/www.thediar.com\/wp-content\/uploads\/vendoservices200.png?resize=100%2C100&amp;ssl=1 100w, https:\/\/i0.wp.com\/www.thediar.com\/wp-content\/uploads\/vendoservices200.png?resize=50%2C50&amp;ssl=1 50w\" sizes=\"auto, (max-width: 200px) 100vw, 200px\" \/><\/a>\n\t\t\t\t\t\t<h2 class=\"portfolio-entry-title\"><a href=\"https:\/\/www.thediar.com\/es\/portfolio\/vendo-services\/\" title=\"Vendo Services, adaptado a la elasticidad de precios\">Vendo Services, adaptado a la elasticidad de precios<\/a><\/h2>\n\n\t\t\t\t\t\t\t<div class=\"portfolio-entry-meta\">\n\t\t\t\t\t\t\t\t\t\t\t\t\t\t<\/div>\n\n\t\t\t\t\t\t<\/header>\n\n\t\t\t\t\t\t\t\t\t\t\t\t<div class=\"portfolio-entry-content\"><p>Procesando m\u00e1s de 130 tipos de pago a trav\u00e9s de 190 pa\u00edses y provee atenci\u00f3n al cliente en 22 idiomas, a la vez que trabaja con las compa\u00f1\u00edas en dise\u00f1ar a medida sus mensaje y precios para maximizar los ingresos [&hellip;]<\/p>\n<\/div>\n\t\t\t\t\t\t\t\t\t\t\t\t<\/div><!-- close .portfolio-entry -->\n\t\t\t\t\t\t\t\t\t<\/div><!-- close .jetpack-portfolio -->\n\t\t\t\t<\/p>\n<h1 style=\"text-align: center;\">A trav\u00e9s de una visi\u00f3n integral, consigue nuevas aportaciones a tu negocio<\/h1>\n<p><a href=\"https:\/\/i0.wp.com\/www.thediar.com\/wp-content\/uploads\/cohete-general-cast_orig.jpg?ssl=1\"><img data-recalc-dims=\"1\" loading=\"lazy\" decoding=\"async\" class=\"alignnone wp-image-231 size-full\" src=\"https:\/\/i0.wp.com\/www.thediar.com\/wp-content\/uploads\/cohete-general-cast_orig.jpg?resize=640%2C271&#038;ssl=1\" alt=\"\" width=\"640\" height=\"271\" srcset=\"https:\/\/i0.wp.com\/www.thediar.com\/wp-content\/uploads\/cohete-general-cast_orig.jpg?w=1100&amp;ssl=1 1100w, https:\/\/i0.wp.com\/www.thediar.com\/wp-content\/uploads\/cohete-general-cast_orig.jpg?resize=300%2C127&amp;ssl=1 300w, https:\/\/i0.wp.com\/www.thediar.com\/wp-content\/uploads\/cohete-general-cast_orig.jpg?resize=768%2C325&amp;ssl=1 768w, https:\/\/i0.wp.com\/www.thediar.com\/wp-content\/uploads\/cohete-general-cast_orig.jpg?resize=1024%2C434&amp;ssl=1 1024w, https:\/\/i0.wp.com\/www.thediar.com\/wp-content\/uploads\/cohete-general-cast_orig.jpg?resize=700%2C297&amp;ssl=1 700w, https:\/\/i0.wp.com\/www.thediar.com\/wp-content\/uploads\/cohete-general-cast_orig.jpg?resize=520%2C220&amp;ssl=1 520w, https:\/\/i0.wp.com\/www.thediar.com\/wp-content\/uploads\/cohete-general-cast_orig.jpg?resize=360%2C153&amp;ssl=1 360w, https:\/\/i0.wp.com\/www.thediar.com\/wp-content\/uploads\/cohete-general-cast_orig.jpg?resize=250%2C106&amp;ssl=1 250w, https:\/\/i0.wp.com\/www.thediar.com\/wp-content\/uploads\/cohete-general-cast_orig.jpg?resize=100%2C42&amp;ssl=1 100w\" sizes=\"auto, (max-width: 640px) 100vw, 640px\" \/><\/a><\/p>\n<h3><\/h3>\n<hr \/>\n<p>&nbsp;<\/p>","protected":false},"excerpt":{"rendered":"<p>Empieza a Competir con Inteligencia de Negocio Consigue una visi\u00f3n integral de tu negocio Contesta Bien las Preguntas Correctas Descubre nuevas oportunidades de negocio Conoce nuestro enfoque y los servicios &nbsp; &nbsp; Retos y resultados A trav\u00e9s de una visi\u00f3n [&hellip;]<\/p>\n","protected":false},"author":1,"featured_media":0,"parent":0,"menu_order":1,"comment_status":"closed","ping_status":"closed","template":"page-templates\/page_fullwidth.php","meta":{"footnotes":""},"class_list":["post-41","page","type-page","status-publish","hentry","clearfix"],"aioseo_notices":[],"jetpack_shortlink":"https:\/\/wp.me\/P8d1gX-F","jetpack_sharing_enabled":true,"_links":{"self":[{"href":"https:\/\/www.thediar.com\/es\/wp-json\/wp\/v2\/pages\/41","targetHints":{"allow":["GET"]}}],"collection":[{"href":"https:\/\/www.thediar.com\/es\/wp-json\/wp\/v2\/pages"}],"about":[{"href":"https:\/\/www.thediar.com\/es\/wp-json\/wp\/v2\/types\/page"}],"author":[{"embeddable":true,"href":"https:\/\/www.thediar.com\/es\/wp-json\/wp\/v2\/users\/1"}],"replies":[{"embeddable":true,"href":"https:\/\/www.thediar.com\/es\/wp-json\/wp\/v2\/comments?post=41"}],"version-history":[{"count":53,"href":"https:\/\/www.thediar.com\/es\/wp-json\/wp\/v2\/pages\/41\/revisions"}],"predecessor-version":[{"id":6306,"href":"https:\/\/www.thediar.com\/es\/wp-json\/wp\/v2\/pages\/41\/revisions\/6306"}],"wp:attachment":[{"href":"https:\/\/www.thediar.com\/es\/wp-json\/wp\/v2\/media?parent=41"}],"curies":[{"name":"wp","href":"https:\/\/api.w.org\/{rel}","templated":true}]}}