{"id":49,"date":"2016-12-15T20:46:32","date_gmt":"2016-12-15T20:46:32","guid":{"rendered":"http:\/\/dev.thediar.com\/?page_id=49"},"modified":"2022-03-14T14:37:33","modified_gmt":"2022-03-14T13:37:33","slug":"meet-the-team","status":"publish","type":"page","link":"https:\/\/www.thediar.com\/es\/meet-the-team\/","title":{"rendered":"Conoce al equipo"},"content":{"rendered":"<p><\/p>\n<h2>No s\u00f3lo va sobre herramientas y productos, sino de un equipo y de su conocimiento sobre datos y negocios<\/h2>\n<ul>\n<li><strong>Optimizadores<\/strong> que impulsan la eficiencia de los procesos m\u00e1s relevantes para tu negocio.<\/li>\n<li><strong>Ingenieros de datos<\/strong> que gestionan gran variedad de fuentes y vol\u00famenes de datos.<\/li>\n<li><strong>Analistas de negocio<\/strong> que descubren patrones en los datos.<\/li>\n<li><strong>Cient\u00edficos de datos<\/strong> que formulan las preguntas adecuadas.<\/li>\n<\/ul>\n<table class=\"wsite-multicol-table team\">\n<tbody class=\"wsite-multicol-tbody\">\n<tr class=\"wsite-multicol-tr\">\n<td class=\"wsite-multicol-col\">\n<div>\n<div class=\"wsite-image wsite-image-border-none \">\n<div><img loading=\"lazy\" decoding=\"async\" class=\"alignnone wp-image-57 size-full\" src=\"\/wp-content\/uploads\/2016\/12\/tonyo-e1489338602290.png\" alt=\"\" width=\"200\" height=\"203\" \/> Estrategia &amp; Operaciones<\/div>\n<\/div>\n<\/div>\n<div><\/div>\n<\/td>\n<td class=\"wsite-multicol-col\">\n<div class=\"paragraph\"><span style=\"font-size: x-large;\">Tonyo Gonz\u00e1lez &#8211;\u00a0Socio y Presidente<\/span><br \/>\nDespu\u00e9s de titularse como Ingeniero de Materiales y MBA, siempre trabaj\u00f3 en el \u00e1rea de Operaciones y Cadena de Suministros para empresas como Procter&amp;Gable, Hewlett Packard, Everis, etc. Cuenta con m\u00e1s de 10 a\u00f1os de experiencia en Gesti\u00f3n, Procesos y Direcci\u00f3n de Sistemas, siendo responsable de las unidades de unidades de negocio de Retail. Tonyo ha construido un perfil transversal: estrat\u00e9gico, operacional y t\u00e9cnico, y la exposici\u00f3n a diversos clientes le ha hecho experto en diversos componentes: I+D, Desarrollo de Producto, Producci\u00f3n, Distribuci\u00f3n, Atenci\u00f3n al Cliente, Finanzas, etc. Tonyo siempre est\u00e1 abierto a desarrollar nuevos modelos de negocio, oportunidades y a maneras de optimizar procesos, bien para crecer o para hacer disminuir la complejidad de las operaciones, siempre con el objetivo de ayudar a sus clientes a llegar a sus objetivos de rentabilidad..<\/div>\n<\/td>\n<\/tr>\n<tr class=\"wsite-multicol-tr\">\n<td class=\"wsite-multicol-col\">\n<div>\n<div class=\"wsite-image wsite-image-border-none \">\n<div><img loading=\"lazy\" decoding=\"async\" class=\"alignnone wp-image-53 size-full\" src=\"\/wp-content\/uploads\/2016\/12\/laura.png\" alt=\"\" width=\"207\" height=\"207\" srcset=\"https:\/\/i0.wp.com\/www.thediar.com\/wp-content\/uploads\/2016\/12\/laura.png?w=207&amp;ssl=1 207w, https:\/\/i0.wp.com\/www.thediar.com\/wp-content\/uploads\/2016\/12\/laura.png?resize=150%2C150&amp;ssl=1 150w, https:\/\/i0.wp.com\/www.thediar.com\/wp-content\/uploads\/2016\/12\/laura.png?resize=100%2C100&amp;ssl=1 100w\" sizes=\"auto, (max-width: 207px) 100vw, 207px\" \/>Estrategia<\/div>\n<\/div>\n<\/div>\n<div><\/div>\n<\/td>\n<td class=\"wsite-multicol-col\">\n<div class=\"paragraph\"><span style=\"font-size: x-large;\">Laura L\u00f3pez \u00a0&#8211; Socio y CEO<\/span><br \/>\nIngeniero Superior en Inform\u00e1tica y Electr\u00f3nica en la Universidad Sim\u00f3n Bol\u00edvar, Master en Log\u00edstica (APPICS) y PDD IESE 2004. Experiencia en la Industria Petrolera en Venezula, departamento de Inform\u00e1tica dentro de una estructura y recursos de producci\u00f3n, especializ\u00e1ndose en c\u00e1lculo estad\u00edstico de procesos.\u00a0Posteriormente 5 a\u00f1os como Consultor en Andersen Consulting \u00a0en el \u00e1rea de Manufacturing \u00a0y en el Plan de Sistemas de\u00a0Port Aventura pasando a ser\u00a0CIO. Laura ha desempe\u00f1ado diferentes posiciones dentro del mundo del IT, alcanza la posici\u00f3n de mayor relevancia dentro del Comit\u00e9 de Direcci\u00f3n como Director Comercial y Marketing para Espa\u00f1a y Portugal de Gedas Iberia. Finalmente se incorpora en grupo inversor como COO colaborando en diferentes proyectos empresariales dentro del \u00e1rea de seguridad e inteligencia.<\/div>\n<\/td>\n<\/tr>\n<tr class=\"wsite-multicol-tr\">\n<td class=\"wsite-multicol-col\">\n<div>\n<div class=\"wsite-image wsite-image-border-none \">\n<div><img loading=\"lazy\" decoding=\"async\" class=\"alignnone wp-image-59 size-full\" src=\"\/wp-content\/uploads\/2016\/12\/jrosell.png\" alt=\"\" width=\"207\" height=\"207\" srcset=\"https:\/\/i0.wp.com\/www.thediar.com\/wp-content\/uploads\/2016\/12\/jrosell.png?w=207&amp;ssl=1 207w, https:\/\/i0.wp.com\/www.thediar.com\/wp-content\/uploads\/2016\/12\/jrosell.png?resize=150%2C150&amp;ssl=1 150w, https:\/\/i0.wp.com\/www.thediar.com\/wp-content\/uploads\/2016\/12\/jrosell.png?resize=100%2C100&amp;ssl=1 100w\" sizes=\"auto, (max-width: 207px) 100vw, 207px\" \/>Anal\u00edtica Digital\u00a0&amp; CRO<\/div>\n<\/div>\n<\/div>\n<div><\/div>\n<\/td>\n<td class=\"wsite-multicol-col\">\n<div class=\"paragraph\"><span style=\"font-size: x-large;\">Jordi Rosell &#8211;\u00a0Socio, COO y CTO<\/span><br \/>\nEstudi\u00f3 inform\u00e1tica en la Universitat Polit\u00e8cnica de Catalunya (UPC), y empez\u00f3 su carrera profesional c\u00f3mo analista, administrador y arquitecto de sistemas en Everis. Posteriormente ha ido desarrollando su carrera profesional c\u00f3mo consultor de marketing online para diversas agencias y en los \u00faltimos a\u00f1os como consultor independiente. Es profesor y conferenciante en CRO y e-commerce. Jordi est\u00e1 centrado en la investigaci\u00f3n, an\u00e1lisis y optimizaci\u00f3n de la experiencia de compra, siempre desde el punto de vista del cliente, incluyendo la experiencia offline, pre-clic, post-clic y la recurrencia. C\u00f3mo responsable t\u00e9cnico est\u00e1 abierto a nuevos proyectos de transformaci\u00f3n digital tanto para empresas grandes como para PYMES. Su perfil transversal le permite optimizar la experiencia de usuario desde los puntos de vistas cuantitativos, cualitativos y tecnol\u00f3gicos.<\/div>\n<\/td>\n<\/tr>\n<tr class=\"wsite-multicol-tr\">\n<td class=\"wsite-multicol-col\">\n<div>\n<div class=\"wsite-image wsite-image-border-none \">\n<div><img loading=\"lazy\" decoding=\"async\" class=\"alignnone wp-image-58 size-full\" src=\"\/wp-content\/uploads\/Briana_Portail_CutMid-grey-207x207.jpg\" alt=\"\" width=\"205\" height=\"208\" \/>Consultoria en Marketing Internacional<\/div>\n<\/div>\n<\/div>\n<div><\/div>\n<\/td>\n<td class=\"wsite-multicol-col\">\n<div class=\"paragraph\"><span style=\"font-size: x-large;\">Bri Barragan<\/span><br \/>\nMore than 20 years\u2019 experience leading business units and projects in: international sales and distribution, marketing, customer satisfaction, logistics accountability, multilingual call centres, forecasting and supply planning.<\/div>\n<\/td>\n<\/tr>\n<tr class=\"wsite-multicol-tr\">\n<td class=\"wsite-multicol-col\">\n<div>\n<div class=\"wsite-image wsite-image-border-none \">\n<div><img loading=\"lazy\" decoding=\"async\" class=\"alignnone wp-image-54 size-full\" src=\"\/wp-content\/uploads\/2016\/12\/lucas.png\" alt=\"\" width=\"207\" height=\"207\" srcset=\"https:\/\/i0.wp.com\/www.thediar.com\/wp-content\/uploads\/2016\/12\/lucas.png?w=207&amp;ssl=1 207w, https:\/\/i0.wp.com\/www.thediar.com\/wp-content\/uploads\/2016\/12\/lucas.png?resize=150%2C150&amp;ssl=1 150w, https:\/\/i0.wp.com\/www.thediar.com\/wp-content\/uploads\/2016\/12\/lucas.png?resize=100%2C100&amp;ssl=1 100w\" sizes=\"auto, (max-width: 207px) 100vw, 207px\" \/>Dise\u00f1o UI y desarrollo frontend<\/div>\n<\/div>\n<\/div>\n<div><\/div>\n<\/td>\n<td class=\"wsite-multicol-col\">\n<div class=\"paragraph\"><span style=\"font-size: x-large;\">Lucas Marabotti<br \/>\n<\/span>Tras obtener la licenciatura Dise\u00f1o Gr\u00e1fico en la Universidad de Buenos Aires, empez\u00f3 a trabajar en el \u00e1rea de dise\u00f1o y desarrollo web. Una de sus inquietudes, siempre fue la mejora del proceso que un cliente realiza desde que se produce la captaci\u00f3n de tr\u00e1fico tanto SEO\/SEM, as\u00ed como todo el recorrido dentro de la web hasta realizar una conversi\u00f3n. Durante todo este tiempo ha participado en diversos proyectos que le han permitido afianzar los conocimientos adquiridos y tener una mayor ejecuci\u00f3n. Actualmente sigue con el mismo esp\u00edritu emprendedor para seguir desarroll\u00e1ndose en el \u00e1rea de experiencia de usuario e ir aplicando diferentes metodolog\u00edas y todas las novedades que surgen en el mercado, tanto a nivel de dise\u00f1o como de anal\u00edtica para realizar mejoras de optimizaci\u00f3n en todo el proceso de experiencia del usuario.<\/div>\n<\/td>\n<\/tr>\n<\/tbody>\n<\/table>\n<hr \/>\n<aside id=\"text-4\" class=\"widget widget_text amr_widget\"><h4 class=\"widget-title\">Descubre qu\u00e9 \u00e9xitos podemos hacer posible en tu compa\u00f1\u00eda<\/h4>\t\t\t<div class=\"textwidget\"><a class=\"button\" href=\"\/es\/meet-the-team\/success-stories\/\">Casos de \u00c9xito<\/a><\/div>\n\t\t<\/aside>\n<h2 style=\"text-align: center;\"><strong><a href=\"\/es\/what-we-do\/\">Conoce nuestro enfoque y los servicios<\/a><\/strong><\/h2>\n<hr \/>\n<p><\/p>","protected":false},"excerpt":{"rendered":"<p>No s\u00f3lo va sobre herramientas y productos, sino de un equipo y de su conocimiento sobre datos y negocios Optimizadores que impulsan la eficiencia de los procesos m\u00e1s relevantes para tu negocio. Ingenieros de datos que gestionan gran variedad de [&hellip;]<\/p>\n","protected":false},"author":1,"featured_media":0,"parent":0,"menu_order":3,"comment_status":"closed","ping_status":"closed","template":"page-templates\/page_fullwidth.php","meta":{"footnotes":""},"class_list":["post-49","page","type-page","status-publish","hentry","clearfix"],"aioseo_notices":[],"jetpack_shortlink":"https:\/\/wp.me\/P8d1gX-N","jetpack_sharing_enabled":true,"_links":{"self":[{"href":"https:\/\/www.thediar.com\/es\/wp-json\/wp\/v2\/pages\/49","targetHints":{"allow":["GET"]}}],"collection":[{"href":"https:\/\/www.thediar.com\/es\/wp-json\/wp\/v2\/pages"}],"about":[{"href":"https:\/\/www.thediar.com\/es\/wp-json\/wp\/v2\/types\/page"}],"author":[{"embeddable":true,"href":"https:\/\/www.thediar.com\/es\/wp-json\/wp\/v2\/users\/1"}],"replies":[{"embeddable":true,"href":"https:\/\/www.thediar.com\/es\/wp-json\/wp\/v2\/comments?post=49"}],"version-history":[{"count":51,"href":"https:\/\/www.thediar.com\/es\/wp-json\/wp\/v2\/pages\/49\/revisions"}],"predecessor-version":[{"id":6248,"href":"https:\/\/www.thediar.com\/es\/wp-json\/wp\/v2\/pages\/49\/revisions\/6248"}],"wp:attachment":[{"href":"https:\/\/www.thediar.com\/es\/wp-json\/wp\/v2\/media?parent=49"}],"curies":[{"name":"wp","href":"https:\/\/api.w.org\/{rel}","templated":true}]}}