{"id":588,"date":"2017-03-12T18:25:06","date_gmt":"2017-03-12T17:25:06","guid":{"rendered":"https:\/\/www.thediar.com\/?page_id=588"},"modified":"2020-09-10T15:13:28","modified_gmt":"2020-09-10T13:13:28","slug":"google-analytics-101-curso-para-principiantes","status":"publish","type":"page","link":"https:\/\/www.thediar.com\/es\/training-and-empowerment\/google-analytics-101-curso-para-principiantes\/","title":{"rendered":"Google Analytics 101: curso para principiantes"},"content":{"rendered":"<p><strong>\u00bfQu\u00e9 encontrar\u00e1s en este curso?<\/strong><\/p>\n<p>A lo largo del tiempo, nos hemos encontrado con muchas dudas, tales como:<\/p>\n<p>\u00bfCu\u00e1l es la diferencia entre una m\u00e9trica y un indicador clave de negocio (KPI)?<br \/>\n\u00bfQu\u00e9 es segmentaci\u00f3n?<br \/>\n\u00bfQu\u00e9 es una dimensi\u00f3n?<\/p>\n<p>Estas son s\u00f3lo alguna de las preguntas que suponen los fundamentos de la anal\u00edtica digital, que es la ciencia que se encarga de medir las interacciones de los usuarios con un sitio web o app, a trav\u00e9s de los diferentes dispositivos.<\/p>\n<p>En este curso aprenderemos los fundamentos de la anal\u00edtica digital con Google Analytics como contexto. Nuestro enfoque, 100% pr\u00e1ctico y orientado a la accionabilidad que de como resultado una mejora notable del negocio.<\/p>\n<p><strong>\u00bfA qui\u00e9n va dirigido?<\/strong><\/p>\n<p>Dirigido a profesionales que buscan un primer contacto s\u00f3lido con la anal\u00edtica digital a trav\u00e9s de Google Analytics, para diversos perfiles:<\/p>\n<ul>\n<li>Marketing.<\/li>\n<li>Gesti\u00f3n de Producto.<\/li>\n<li>IT.<\/li>\n<li>Dise\u00f1adores.<\/li>\n<li>Desarrolladores front end.<\/li>\n<li>Expertos en SEO y SEM.<\/li>\n<\/ul>\n<p><strong>Requisitos previos<\/strong>:<\/p>\n<ul>\n<li>Haber trabajado con un site o App real.<\/li>\n<li>Haber tenido dudas o preguntas sobre el rendimiento del site o App.<\/li>\n<li>Disponer de un ordenador port\u00e1til.<\/li>\n<li>Ganas de aprender y de mejorar el negocio.<\/li>\n<\/ul>\n<p><strong>Temario<\/strong>:<\/p>\n<ul>\n<li>Comenzando con Google Analytics:\n<ul>\n<li>\u00bfC\u00f3mo funciona Google Analytics?<\/li>\n<li>M\u00e9tricas y dimensiones.<\/li>\n<li>\u00bfCu\u00e1les son las m\u00e9tricas que me importan?<\/li>\n<li>Introducci\u00f3n a la segmentaci\u00f3n.<\/li>\n<\/ul>\n<\/li>\n<li>Adquisici\u00f3n: \u00bfc\u00f3mo llegan mis visitas?\n<ul>\n<li>\u00bfDe d\u00f3nde llegan mis visitas y mis visitantes?<\/li>\n<li>Tr\u00e1fico Directo, Referentes, SEO y SEM.<\/li>\n<li>Marcando campa\u00f1as de Emailing y Afiliados.<\/li>\n<li>Agrupaci\u00f3n de canales.<\/li>\n<\/ul>\n<\/li>\n<li>Comportamiento: \u00bfqu\u00e9 hacen en mi site?\n<ul>\n<li>\u00bfQu\u00e9 p\u00e1ginas y contenidos han mirado?<\/li>\n<li>\u00bfPor d\u00f3nde entraron al site? \u00bfPor d\u00f3nde lo han abandonado?<\/li>\n<li>\u00bfQu\u00e9 buscaron internamente?<\/li>\n<li>Agrupaci\u00f3n de contenidos.<\/li>\n<\/ul>\n<\/li>\n<li>Objetivos: \u00bfhicieron lo que pretendemos?\n<ul>\n<li>Definir objetivos: micro y macro.<\/li>\n<li>Reportes de objetivos.<\/li>\n<li>Reportes de E-Commerce.<\/li>\n<\/ul>\n<\/li>\n<\/ul>\n<p>\u200b<br \/>\n<strong>Instructor<\/strong>: <a href=\"http:\/\/www.linkedin.com\/in\/heymannmarc\" target=\"_blank\" rel=\"noopener noreferrer\">Marc Heymann<\/a>.<\/p>\n<p><strong>Duraci\u00f3n del curso<\/strong>: 6 horas, dividido en dos sesiones de 3 horas cada una.<\/p>\n<p><strong>Plazas limitadas<\/strong>: M\u00e1ximo 12 alumnos.<\/p>\n<p><strong>Precio<\/strong>: 594\u20ac de 1 a 3 alumnos<span id=\"gmail-cwos\" class=\"gmail-qv3Wpe\"> y 198\u20ac por alumno de 4 a 12 alumnos<\/span>.<\/p>\n<p><strong>Otros cursos<\/strong>: GA 201. GA 301. GA a medida.\u00a0<a href=\"https:\/\/www.thediar.com\/training-and-empowerment\/\">M\u00e1s informaci\u00f3n<\/a>.<\/p>","protected":false},"excerpt":{"rendered":"<p>\u00bfQu\u00e9 encontrar\u00e1s en este curso? A lo largo del tiempo, nos hemos encontrado con muchas dudas, tales como: \u00bfCu\u00e1l es la diferencia entre una m\u00e9trica y un indicador clave de negocio (KPI)? \u00bfQu\u00e9 es segmentaci\u00f3n? \u00bfQu\u00e9 es una dimensi\u00f3n? Estas [&hellip;]<\/p>\n","protected":false},"author":1,"featured_media":0,"parent":105,"menu_order":0,"comment_status":"closed","ping_status":"closed","template":"","meta":{"footnotes":""},"class_list":["post-588","page","type-page","status-publish","hentry","clearfix"],"aioseo_notices":[],"jetpack_shortlink":"https:\/\/wp.me\/P8d1gX-9u","jetpack_sharing_enabled":true,"_links":{"self":[{"href":"https:\/\/www.thediar.com\/es\/wp-json\/wp\/v2\/pages\/588","targetHints":{"allow":["GET"]}}],"collection":[{"href":"https:\/\/www.thediar.com\/es\/wp-json\/wp\/v2\/pages"}],"about":[{"href":"https:\/\/www.thediar.com\/es\/wp-json\/wp\/v2\/types\/page"}],"author":[{"embeddable":true,"href":"https:\/\/www.thediar.com\/es\/wp-json\/wp\/v2\/users\/1"}],"replies":[{"embeddable":true,"href":"https:\/\/www.thediar.com\/es\/wp-json\/wp\/v2\/comments?post=588"}],"version-history":[{"count":6,"href":"https:\/\/www.thediar.com\/es\/wp-json\/wp\/v2\/pages\/588\/revisions"}],"predecessor-version":[{"id":3515,"href":"https:\/\/www.thediar.com\/es\/wp-json\/wp\/v2\/pages\/588\/revisions\/3515"}],"up":[{"embeddable":true,"href":"https:\/\/www.thediar.com\/es\/wp-json\/wp\/v2\/pages\/105"}],"wp:attachment":[{"href":"https:\/\/www.thediar.com\/es\/wp-json\/wp\/v2\/media?parent=588"}],"curies":[{"name":"wp","href":"https:\/\/api.w.org\/{rel}","templated":true}]}}