{"id":594,"date":"2017-03-12T18:29:41","date_gmt":"2017-03-12T17:29:41","guid":{"rendered":"https:\/\/www.thediar.com\/?page_id=594"},"modified":"2020-09-10T15:05:17","modified_gmt":"2020-09-10T13:05:17","slug":"google-analytics-medida-los-limites-los-pones-tu","status":"publish","type":"page","link":"https:\/\/www.thediar.com\/es\/training-and-empowerment\/google-analytics-medida-los-limites-los-pones-tu\/","title":{"rendered":"Google Analytics a medida: los l\u00edmites los pones t\u00fa"},"content":{"rendered":"<p>Tanto si eres principiante o si eres un profesional consolidado en la anal\u00edtica digital, siempre hay lugar para un poco m\u00e1s. Con nuestros cursos a medida te damos la posibilidad de dise\u00f1ar un temario confeccionado a tu medida que se adapte a tus necesidades.<\/p>\n<p><strong>\u00bfC\u00f3mo funciona? \u00a1Confeccionamos el curso juntos, de la A a la Z!<\/strong><\/p>\n<ul>\n<li>Seg\u00fan los asistentes, sus conocimientos y las necesidades,\u00a0<strong>dise\u00f1amos un temario a medida<\/strong>.<\/li>\n<li>Decidimos <strong>d\u00f3nde se realiza el curso<\/strong>. Puede ser es tus instalaciones o en las nuestras.<\/li>\n<li>Decidimos <strong>la duraci\u00f3n del curso<\/strong>.<\/li>\n<li>Acordamos un\u00a0<strong>precio<\/strong>.<\/li>\n<li>Comenzamos\u00a0<strong>la formaci\u00f3n<\/strong>\u200b.<\/li>\n<\/ul>\n<p><strong>\u00bfEn qu\u00e9 areas podemos ayudarte?<\/strong><\/p>\n<ul>\n<li>Instalaci\u00f3n y configuraci\u00f3n b\u00e1sica de Google Analytics: p\u00e1ginas, contenidos y eventos.<\/li>\n<li>Instalaci\u00f3n y configuraci\u00f3n avanzada de Google Analytics: E-Commerce, Enhanced E-Commerce, User ID, buscador interno, etc.<\/li>\n<li>Implementaci\u00f3n de Google Tag Manager.<\/li>\n<li>Interpretaci\u00f3n de datos y conceptualizaci\u00f3n de an\u00e1lisis.<\/li>\n<li>Testing, usabilidad y optimizaci\u00f3n.<\/li>\n<li>Conceptualizaci\u00f3n de la estrategia de medici\u00f3n.<\/li>\n<li>Creaci\u00f3n y lectura de cuadros de mando.<\/li>\n<li>Extracci\u00f3n de datos v\u00eda API.<\/li>\n<\/ul>\n<p><strong>Otros cursos<\/strong>: GA 101. GA 201. GA 301.\u00a0<a href=\"https:\/\/www.thediar.com\/training-and-empowerment\/\">M\u00e1s informaci\u00f3n<\/a>.<\/p>","protected":false},"excerpt":{"rendered":"<p>Tanto si eres principiante o si eres un profesional consolidado en la anal\u00edtica digital, siempre hay lugar para un poco m\u00e1s. Con nuestros cursos a medida te damos la posibilidad de dise\u00f1ar un temario confeccionado a tu medida que se [&hellip;]<\/p>\n","protected":false},"author":1,"featured_media":0,"parent":105,"menu_order":0,"comment_status":"closed","ping_status":"closed","template":"","meta":{"footnotes":""},"class_list":["post-594","page","type-page","status-publish","hentry","clearfix"],"aioseo_notices":[],"jetpack_shortlink":"https:\/\/wp.me\/P8d1gX-9A","jetpack_sharing_enabled":true,"_links":{"self":[{"href":"https:\/\/www.thediar.com\/es\/wp-json\/wp\/v2\/pages\/594","targetHints":{"allow":["GET"]}}],"collection":[{"href":"https:\/\/www.thediar.com\/es\/wp-json\/wp\/v2\/pages"}],"about":[{"href":"https:\/\/www.thediar.com\/es\/wp-json\/wp\/v2\/types\/page"}],"author":[{"embeddable":true,"href":"https:\/\/www.thediar.com\/es\/wp-json\/wp\/v2\/users\/1"}],"replies":[{"embeddable":true,"href":"https:\/\/www.thediar.com\/es\/wp-json\/wp\/v2\/comments?post=594"}],"version-history":[{"count":3,"href":"https:\/\/www.thediar.com\/es\/wp-json\/wp\/v2\/pages\/594\/revisions"}],"predecessor-version":[{"id":3511,"href":"https:\/\/www.thediar.com\/es\/wp-json\/wp\/v2\/pages\/594\/revisions\/3511"}],"up":[{"embeddable":true,"href":"https:\/\/www.thediar.com\/es\/wp-json\/wp\/v2\/pages\/105"}],"wp:attachment":[{"href":"https:\/\/www.thediar.com\/es\/wp-json\/wp\/v2\/media?parent=594"}],"curies":[{"name":"wp","href":"https:\/\/api.w.org\/{rel}","templated":true}]}}