{"id":598,"date":"2017-03-12T18:32:06","date_gmt":"2017-03-12T17:32:06","guid":{"rendered":"https:\/\/www.thediar.com\/?page_id=598"},"modified":"2020-09-10T15:14:52","modified_gmt":"2020-09-10T13:14:52","slug":"qlik-sense-201-la-magia-del-scripting-y-del-set-analysis","status":"publish","type":"page","link":"https:\/\/www.thediar.com\/es\/training-and-empowerment\/qlik-sense-201-la-magia-del-scripting-y-del-set-analysis\/","title":{"rendered":"Qlik Sense 201: la magia del Scripting y del Set Analysis"},"content":{"rendered":"<p><strong>\u00bfQu\u00e9 encontrar\u00e1s en este curso?<\/strong><\/p>\n<p>Una vez realizadas las primeras Apps mediante la carga b\u00e1sica de datos, es hora de dar el salto a una de las mejores caracter\u00edsticas de Qlik Sense: la carga avanzada de datos mediante el scripting. Aprenderemos a conectarnos a bases de datos y a cargar otras fuentes de datos, a unirlas y a renombrarlas mediante los scripts.<\/p>\n<p><strong>\u00bfA qui\u00e9n va dirigido?<\/strong><\/p>\n<p>Dirigido a profesionales que, habiendo tenido ya interacci\u00f3n activa con la herramienta, buscan afinar la estrategia de visualizaci\u00f3n y de carga de informaci\u00f3n, a la par que comienzan a interesarse por el mundo de la customizaci\u00f3n de m\u00e9tricas, para diversos perfiles:<\/p>\n<ul>\n<li>Marketing.<\/li>\n<li>Gesti\u00f3n de Producto.<\/li>\n<li>IT.<\/li>\n<li>Analistas.<\/li>\n<li>Managers.<\/li>\n<li>Expertos en SEO y SEM.<\/li>\n<\/ul>\n<p><strong>Requisitos previos<\/strong>:<\/p>\n<ul>\n<li>Haber trabajado con datos.<\/li>\n<li>Tener consolidados los conceptos trabajados de\u00a0Qlik Sense 101: interfaz de usuario\u00a0y elementos de dise\u00f1o.<\/li>\n<li>Disponer de un ordenador port\u00e1til.<\/li>\n<li>Ganas de aprender y de mejorar el negocio.<\/li>\n<\/ul>\n<p><strong>Temario<\/strong>:<\/p>\n<ul>\n<li>Script de datos I:\n<ul>\n<li>Conexi\u00f3n a base de datos.<\/li>\n<li>Carga b\u00e1sica de datos v\u00eda script.<\/li>\n<li>Modelo asociativo v\u00eda script.<\/li>\n<\/ul>\n<\/li>\n<li>Script de datos II:\n<ul>\n<li>Agrupaciones.<\/li>\n<li>Tablas temporales y residentes.<\/li>\n<li>Joins y concatenaciones.<\/li>\n<li>Variables<\/li>\n<\/ul>\n<\/li>\n<li>M\u00e9tricas y dimensiones customizadas:\n<ul>\n<li>Count, Sum y otras agrupaciones.<\/li>\n<li>Introducci\u00f3n al Set Analysis: identificador, operador y modificador.<\/li>\n<li>Trabajando con fechas.<\/li>\n<\/ul>\n<\/li>\n<\/ul>\n<p><strong>Duraci\u00f3n del curso<\/strong>: 6 horas, dividido en dos sesiones de 3 horas cada una.<\/p>\n<p><strong>Plazas limitadas:<\/strong> M\u00e1ximo 12 alumnos.<\/p>\n<p><strong>Precio<\/strong>: 594\u20ac de 1 a 3 alumnos<span id=\"gmail-cwos\" class=\"gmail-qv3Wpe\"> y 198\u20ac por alumno de 4 a 12 alumnos<\/span>.<\/p>\n<p><strong>Otros cursos<\/strong>: QS 101. QS 301. QS a medida.\u00a0<a href=\"https:\/\/www.thediar.com\/training-and-empowerment\/\">M\u00e1s informaci\u00f3n<\/a>.<\/p>","protected":false},"excerpt":{"rendered":"<p>\u00bfQu\u00e9 encontrar\u00e1s en este curso? Una vez realizadas las primeras Apps mediante la carga b\u00e1sica de datos, es hora de dar el salto a una de las mejores caracter\u00edsticas de Qlik Sense: la carga avanzada de datos mediante el scripting. [&hellip;]<\/p>\n","protected":false},"author":1,"featured_media":0,"parent":105,"menu_order":0,"comment_status":"closed","ping_status":"closed","template":"","meta":{"footnotes":""},"class_list":["post-598","page","type-page","status-publish","hentry","clearfix"],"aioseo_notices":[],"jetpack_shortlink":"https:\/\/wp.me\/P8d1gX-9E","jetpack_sharing_enabled":true,"_links":{"self":[{"href":"https:\/\/www.thediar.com\/es\/wp-json\/wp\/v2\/pages\/598","targetHints":{"allow":["GET"]}}],"collection":[{"href":"https:\/\/www.thediar.com\/es\/wp-json\/wp\/v2\/pages"}],"about":[{"href":"https:\/\/www.thediar.com\/es\/wp-json\/wp\/v2\/types\/page"}],"author":[{"embeddable":true,"href":"https:\/\/www.thediar.com\/es\/wp-json\/wp\/v2\/users\/1"}],"replies":[{"embeddable":true,"href":"https:\/\/www.thediar.com\/es\/wp-json\/wp\/v2\/comments?post=598"}],"version-history":[{"count":6,"href":"https:\/\/www.thediar.com\/es\/wp-json\/wp\/v2\/pages\/598\/revisions"}],"predecessor-version":[{"id":3519,"href":"https:\/\/www.thediar.com\/es\/wp-json\/wp\/v2\/pages\/598\/revisions\/3519"}],"up":[{"embeddable":true,"href":"https:\/\/www.thediar.com\/es\/wp-json\/wp\/v2\/pages\/105"}],"wp:attachment":[{"href":"https:\/\/www.thediar.com\/es\/wp-json\/wp\/v2\/media?parent=598"}],"curies":[{"name":"wp","href":"https:\/\/api.w.org\/{rel}","templated":true}]}}