{"id":6340,"date":"2024-07-19T13:53:16","date_gmt":"2024-07-19T11:53:16","guid":{"rendered":"https:\/\/www.thediar.com\/?page_id=6340"},"modified":"2024-07-19T18:57:47","modified_gmt":"2024-07-19T16:57:47","slug":"optimizar-publicidad-online-ventas","status":"publish","type":"page","link":"https:\/\/www.thediar.com\/es\/soluciones\/optimizar-publicidad-online-ventas\/","title":{"rendered":"Optimiza la publicidad online de tu web con los datos de tu proceso de ventas"},"content":{"rendered":"<p><strong>Cuando los expertos en Google Ads vemos una cuenta de Google Ads por primera vez, el problema m\u00e1s habitual que nos encontramos es que en muchas de ellas no se miden ni se aprovechan los datos de efectividad del proceso de ventas.<\/strong><\/p>\n<p><img data-recalc-dims=\"1\" loading=\"lazy\" decoding=\"async\" class=\"alignright size-full wp-image-6360\" src=\"https:\/\/i0.wp.com\/www.thediar.com\/wp-content\/uploads\/Lead-categories-Google-Ads.png?resize=161%2C337&#038;ssl=1\" alt=\"Categorias de conversi\u00f3n de leads en Google Ads\" width=\"161\" height=\"337\" srcset=\"https:\/\/i0.wp.com\/www.thediar.com\/wp-content\/uploads\/Lead-categories-Google-Ads.png?w=161&amp;ssl=1 161w, https:\/\/i0.wp.com\/www.thediar.com\/wp-content\/uploads\/Lead-categories-Google-Ads.png?resize=143%2C300&amp;ssl=1 143w, https:\/\/i0.wp.com\/www.thediar.com\/wp-content\/uploads\/Lead-categories-Google-Ads.png?resize=100%2C209&amp;ssl=1 100w\" sizes=\"auto, (max-width: 161px) 100vw, 161px\" \/><\/p>\n<h3>\u00bfA\u00fan no usas el valor de las conversiones offline para optimizar tu publicidad en Google Ads?<\/h3>\n<blockquote><p>Con la integraci\u00f3n de los datos de tu CRM con Google Ads, no solo puedes adquirir m\u00e1s clientes, m\u00e1s ingresos y a un coste publicitario menor, sino que adem\u00e1s sabr\u00e1s la efectividad de tu proceso de ventas de tus campa\u00f1as publicitarias.<\/p><\/blockquote>\n<p><strong>Nuestra soluci\u00f3n consiste en crear informes \u00fatiles tanto para tu departamento de Marketing como para el algoritmo optimizaci\u00f3n de pujas de Google Ads. \u00bfSabr\u00edas responder las siguientes preguntas?<\/strong>.<\/p>\n<ol>\n<li>\u00bfCu\u00e1ntos contactos genera cada fuente de tr\u00e1fico y campa\u00f1a?<\/li>\n<li>\u00bfCu\u00e1ntos de ellos son contactos que necesitan m\u00e1s informaci\u00f3n de marketing para decidir (MQL)?<\/li>\n<li>\u00bfCu\u00e1ntos de ellos son contactos esperan que les presentes una oferta de venta (SQL)?<\/li>\n<li>\u00bfCu\u00e1ntos de ellos son contactos que han aceptado tu oferta (WON)?<\/li>\n<li>\u00bfQu\u00e9 valor econ\u00f3mico representan las ofertas creadas para estos contactos?<\/li>\n<li>\u00bfQu\u00e9 ingresos representan las ofertas ganadoras?<\/li>\n<\/ol>\n<p>Si a\u00fan no las puedes responder, con nuestra soluci\u00f3n dispondr\u00e1s de un informe detallado para responder estas y otras muchas preguntas relevantes:<\/p>\n<p><img data-recalc-dims=\"1\" loading=\"lazy\" decoding=\"async\" class=\"alignnone size-full wp-image-6354\" src=\"https:\/\/i0.wp.com\/www.thediar.com\/wp-content\/uploads\/Registros.png?resize=640%2C150&#038;ssl=1\" alt=\"\" width=\"640\" height=\"150\" srcset=\"https:\/\/i0.wp.com\/www.thediar.com\/wp-content\/uploads\/Registros.png?w=1417&amp;ssl=1 1417w, https:\/\/i0.wp.com\/www.thediar.com\/wp-content\/uploads\/Registros.png?resize=300%2C70&amp;ssl=1 300w, https:\/\/i0.wp.com\/www.thediar.com\/wp-content\/uploads\/Registros.png?resize=1024%2C240&amp;ssl=1 1024w, https:\/\/i0.wp.com\/www.thediar.com\/wp-content\/uploads\/Registros.png?resize=768%2C180&amp;ssl=1 768w, https:\/\/i0.wp.com\/www.thediar.com\/wp-content\/uploads\/Registros.png?resize=700%2C164&amp;ssl=1 700w, https:\/\/i0.wp.com\/www.thediar.com\/wp-content\/uploads\/Registros.png?resize=520%2C122&amp;ssl=1 520w, https:\/\/i0.wp.com\/www.thediar.com\/wp-content\/uploads\/Registros.png?resize=360%2C84&amp;ssl=1 360w, https:\/\/i0.wp.com\/www.thediar.com\/wp-content\/uploads\/Registros.png?resize=250%2C59&amp;ssl=1 250w, https:\/\/i0.wp.com\/www.thediar.com\/wp-content\/uploads\/Registros.png?resize=100%2C23&amp;ssl=1 100w, https:\/\/i0.wp.com\/www.thediar.com\/wp-content\/uploads\/Registros.png?w=1280&amp;ssl=1 1280w\" sizes=\"auto, (max-width: 640px) 100vw, 640px\" \/><\/p>\n<p><strong>Las estrategias de maximizar el valor de las conversiones o ROAS objetivo son una grande oportunidad para optimizar tus campa\u00f1as de Google Ads<\/strong><\/p>\n<p>Creamos de un proceso de ejecuci\u00f3n diaria que prepara los datos para que est\u00e9n listos para que Google Ads pueda usar los valores de conversi\u00f3n offline para optimizar sus estrategias de puja basadas en valor..<\/p>\n<p><img data-recalc-dims=\"1\" loading=\"lazy\" decoding=\"async\" class=\"alignnone size-full wp-image-6376\" src=\"https:\/\/i0.wp.com\/www.thediar.com\/wp-content\/uploads\/offline_conversions-Google-Sheets.png?resize=640%2C73&#038;ssl=1\" alt=\"\" width=\"640\" height=\"73\" srcset=\"https:\/\/i0.wp.com\/www.thediar.com\/wp-content\/uploads\/offline_conversions-Google-Sheets.png?w=1502&amp;ssl=1 1502w, https:\/\/i0.wp.com\/www.thediar.com\/wp-content\/uploads\/offline_conversions-Google-Sheets.png?resize=300%2C34&amp;ssl=1 300w, https:\/\/i0.wp.com\/www.thediar.com\/wp-content\/uploads\/offline_conversions-Google-Sheets.png?resize=1024%2C117&amp;ssl=1 1024w, https:\/\/i0.wp.com\/www.thediar.com\/wp-content\/uploads\/offline_conversions-Google-Sheets.png?resize=768%2C88&amp;ssl=1 768w, https:\/\/i0.wp.com\/www.thediar.com\/wp-content\/uploads\/offline_conversions-Google-Sheets.png?resize=700%2C80&amp;ssl=1 700w, https:\/\/i0.wp.com\/www.thediar.com\/wp-content\/uploads\/offline_conversions-Google-Sheets.png?resize=520%2C60&amp;ssl=1 520w, https:\/\/i0.wp.com\/www.thediar.com\/wp-content\/uploads\/offline_conversions-Google-Sheets.png?resize=360%2C41&amp;ssl=1 360w, https:\/\/i0.wp.com\/www.thediar.com\/wp-content\/uploads\/offline_conversions-Google-Sheets.png?resize=250%2C29&amp;ssl=1 250w, https:\/\/i0.wp.com\/www.thediar.com\/wp-content\/uploads\/offline_conversions-Google-Sheets.png?resize=100%2C11&amp;ssl=1 100w, https:\/\/i0.wp.com\/www.thediar.com\/wp-content\/uploads\/offline_conversions-Google-Sheets.png?w=1280&amp;ssl=1 1280w\" sizes=\"auto, (max-width: 640px) 100vw, 640px\" \/><\/p>\n<p><strong>\u00bfY los resultados?\u00bfQu\u00e9 resultados puedes esperar?<\/strong><\/p>\n<p>Seg\u00fan Google, las cuentas de Google Ads que han pasado de CPA objetivo a ROAS objetivo de promedio han generado un 14% m\u00e1s de valor de conversi\u00f3n.<\/p>\n<p style=\"text-align: center;\"><img data-recalc-dims=\"1\" loading=\"lazy\" decoding=\"async\" class=\"alignnone size-full wp-image-6387 aligncenter\" src=\"https:\/\/i0.wp.com\/www.thediar.com\/wp-content\/uploads\/Estrategias-de-pujas-automaticas-por-valor-como-impulsar-tu-marketing-Think-with-Google.png?resize=640%2C231&#038;ssl=1\" alt=\"\" width=\"640\" height=\"231\" srcset=\"https:\/\/i0.wp.com\/www.thediar.com\/wp-content\/uploads\/Estrategias-de-pujas-automaticas-por-valor-como-impulsar-tu-marketing-Think-with-Google.png?w=661&amp;ssl=1 661w, https:\/\/i0.wp.com\/www.thediar.com\/wp-content\/uploads\/Estrategias-de-pujas-automaticas-por-valor-como-impulsar-tu-marketing-Think-with-Google.png?resize=300%2C108&amp;ssl=1 300w, https:\/\/i0.wp.com\/www.thediar.com\/wp-content\/uploads\/Estrategias-de-pujas-automaticas-por-valor-como-impulsar-tu-marketing-Think-with-Google.png?resize=520%2C188&amp;ssl=1 520w, https:\/\/i0.wp.com\/www.thediar.com\/wp-content\/uploads\/Estrategias-de-pujas-automaticas-por-valor-como-impulsar-tu-marketing-Think-with-Google.png?resize=360%2C130&amp;ssl=1 360w, https:\/\/i0.wp.com\/www.thediar.com\/wp-content\/uploads\/Estrategias-de-pujas-automaticas-por-valor-como-impulsar-tu-marketing-Think-with-Google.png?resize=250%2C90&amp;ssl=1 250w, https:\/\/i0.wp.com\/www.thediar.com\/wp-content\/uploads\/Estrategias-de-pujas-automaticas-por-valor-como-impulsar-tu-marketing-Think-with-Google.png?resize=100%2C36&amp;ssl=1 100w\" sizes=\"auto, (max-width: 640px) 100vw, 640px\" \/>Fuente: <a href=\"https:\/\/www.thinkwithgoogle.com\/intl\/es-es\/estrategias-de-marketing\/automatizacion\/estrategias-automaticas-de-puja-por-valor\/\" target=\"_blank\" rel=\"noopener\">Estrategias de puja por valor: nuevas formas de llegar a los clientes m\u00e1s valiosos (Think with Google)<\/a><\/p>\n<p>&nbsp;<\/p>\n<p><strong>Si te gust\u00f3 lo que viste no lo dejes para m\u00e1s tarde, conoce ya todos los detalles y valora si te puede ser \u00fatil:<\/strong><\/p>\n\n<div class=\"wpcf7 no-js\" id=\"wpcf7-f6373-o1\" lang=\"en-US\" dir=\"ltr\" data-wpcf7-id=\"6373\">\n<div class=\"screen-reader-response\"><p role=\"status\" aria-live=\"polite\" aria-atomic=\"true\"><\/p> <ul><\/ul><\/div>\n<form action=\"\/es\/wp-json\/wp\/v2\/pages\/6340#wpcf7-f6373-o1\" method=\"post\" class=\"wpcf7-form init\" aria-label=\"Contact form\" novalidate=\"novalidate\" data-status=\"init\">\n<fieldset class=\"hidden-fields-container\"><input type=\"hidden\" name=\"_wpcf7\" value=\"6373\" \/><input type=\"hidden\" name=\"_wpcf7_version\" value=\"6.1.5\" \/><input type=\"hidden\" name=\"_wpcf7_locale\" value=\"en_US\" \/><input type=\"hidden\" name=\"_wpcf7_unit_tag\" value=\"wpcf7-f6373-o1\" \/><input type=\"hidden\" name=\"_wpcf7_container_post\" value=\"0\" \/><input type=\"hidden\" name=\"_wpcf7_posted_data_hash\" value=\"\" \/>\n<\/fieldset>\n<input class=\"wpcf7-form-control wpcf7-hidden\" value=\"Optimiza la publicidad online de tu web con los datos de tu proceso de ventas\" type=\"hidden\" name=\"title\" \/>\n<p><label> Nombre (requerido)<br \/>\n<span class=\"wpcf7-form-control-wrap\" data-name=\"your-name\"><input size=\"40\" maxlength=\"400\" class=\"wpcf7-form-control wpcf7-text wpcf7-validates-as-required\" aria-required=\"true\" aria-invalid=\"false\" value=\"\" type=\"text\" name=\"your-name\" \/><\/span> <\/label>\n<\/p>\n<p><label> Email (requerido)<br \/>\n<span class=\"wpcf7-form-control-wrap\" data-name=\"your-email\"><input size=\"40\" maxlength=\"400\" class=\"wpcf7-form-control wpcf7-email wpcf7-validates-as-required wpcf7-text wpcf7-validates-as-email\" aria-required=\"true\" aria-invalid=\"false\" value=\"\" type=\"email\" name=\"your-email\" \/><\/span> <\/label>\n<\/p>\n<p><label> Tel\u00e9fono<br \/>\n<span class=\"wpcf7-form-control-wrap\" data-name=\"your-telefono\"><input size=\"40\" maxlength=\"400\" class=\"wpcf7-form-control wpcf7-tel wpcf7-text wpcf7-validates-as-tel\" aria-invalid=\"false\" value=\"\" type=\"tel\" name=\"your-telefono\" \/><\/span><\/label><br \/>\n<em>Deja t\u00fa n\u00famero si quieres que hablemos en una llamada r\u00e1pida.<\/em>\n<\/p>\n<p><label> Observaciones<br \/>\n<span class=\"wpcf7-form-control-wrap\" data-name=\"your-observaciones\"><textarea cols=\"40\" rows=\"3\" maxlength=\"2000\" class=\"wpcf7-form-control wpcf7-textarea\" aria-invalid=\"false\" name=\"your-observaciones\"><\/textarea><\/span><br \/>\n<em>Si dejas el n\u00famero de tel\u00e9fono, indica cuando prefieres que te llamemos.<\/em><br \/>\n<input class=\"wpcf7-form-control wpcf7-submit has-spinner\" type=\"submit\" value=\"Recibir informaci\u00f3n\" \/><span id=\"wpcf7-69e81f958e493-wrapper\" class=\"wpcf7-form-control-wrap honeypot-773-wrap\" style=\"display:none !important; visibility:hidden !important;\"><label for=\"wpcf7-69e81f958e493-field\" class=\"hp-message\">Please leave this field empty.<\/label><input id=\"wpcf7-69e81f958e493-field\"  class=\"wpcf7-form-control wpcf7-text\" type=\"text\" name=\"honeypot-773\" value=\"\" size=\"40\" tabindex=\"-1\" autocomplete=\"new-password\" \/><\/span><\/label>\n<\/p><p style=\"display: none !important;\" class=\"akismet-fields-container\" data-prefix=\"_wpcf7_ak_\"><label>&#916;<textarea name=\"_wpcf7_ak_hp_textarea\" cols=\"45\" rows=\"8\" maxlength=\"100\"><\/textarea><\/label><input type=\"hidden\" id=\"ak_js_1\" name=\"_wpcf7_ak_js\" value=\"52\"\/><script>document.getElementById( \"ak_js_1\" ).setAttribute( \"value\", ( new Date() ).getTime() );<\/script><\/p><div class=\"wpcf7-response-output\" aria-hidden=\"true\"><\/div>\n<\/form>\n<\/div>\n\n<p>&nbsp;<br \/>\nThe ducks in a row, Partner Premier en Espa\u00f1a 2023 y 2024<br \/>\n&nbsp;<\/p>\n<div><a href=\"https:\/\/www.google.com\/partners\/agency?id=8179926559\" rel=\"nofollow\"><br \/>\n<img decoding=\"async\" src=\"https:\/\/www.gstatic.com\/partners\/badge\/images\/2023\/PremierBadgeClickable.svg\" \/><\/a><a href=\"https:\/\/www.google.com\/partners\/agency?id=8179926559\" target=\"_blank\" rel=\"noopener\"><img decoding=\"async\" src=\"https:\/\/www.gstatic.com\/partners\/badge\/images\/2024\/PremierBadgeClickable.svg\" \/><br \/>\n<\/a>\n<\/div>\n<p><\/p>","protected":false},"excerpt":{"rendered":"<p>Cuando los expertos en Google Ads vemos una cuenta de Google Ads por primera vez, el problema m\u00e1s habitual que nos encontramos es que en muchas de ellas no se miden ni se aprovechan los datos de efectividad del proceso [&hellip;]<\/p>\n","protected":false},"author":1,"featured_media":0,"parent":6338,"menu_order":0,"comment_status":"closed","ping_status":"closed","template":"page-templates\/page_fullwidth.php","meta":{"footnotes":""},"class_list":["post-6340","page","type-page","status-publish","hentry","clearfix"],"aioseo_notices":[],"jetpack_shortlink":"https:\/\/wp.me\/P8d1gX-1Eg","jetpack_sharing_enabled":true,"_links":{"self":[{"href":"https:\/\/www.thediar.com\/es\/wp-json\/wp\/v2\/pages\/6340","targetHints":{"allow":["GET"]}}],"collection":[{"href":"https:\/\/www.thediar.com\/es\/wp-json\/wp\/v2\/pages"}],"about":[{"href":"https:\/\/www.thediar.com\/es\/wp-json\/wp\/v2\/types\/page"}],"author":[{"embeddable":true,"href":"https:\/\/www.thediar.com\/es\/wp-json\/wp\/v2\/users\/1"}],"replies":[{"embeddable":true,"href":"https:\/\/www.thediar.com\/es\/wp-json\/wp\/v2\/comments?post=6340"}],"version-history":[{"count":57,"href":"https:\/\/www.thediar.com\/es\/wp-json\/wp\/v2\/pages\/6340\/revisions"}],"predecessor-version":[{"id":6471,"href":"https:\/\/www.thediar.com\/es\/wp-json\/wp\/v2\/pages\/6340\/revisions\/6471"}],"up":[{"embeddable":true,"href":"https:\/\/www.thediar.com\/es\/wp-json\/wp\/v2\/pages\/6338"}],"wp:attachment":[{"href":"https:\/\/www.thediar.com\/es\/wp-json\/wp\/v2\/media?parent=6340"}],"curies":[{"name":"wp","href":"https:\/\/api.w.org\/{rel}","templated":true}]}}