{"id":6413,"date":"2024-07-19T14:38:25","date_gmt":"2024-07-19T12:38:25","guid":{"rendered":"https:\/\/www.thediar.com\/?page_id=6413"},"modified":"2024-11-22T13:11:58","modified_gmt":"2024-11-22T12:11:58","slug":"optimizar-rentabilidad-negocio-contabilidad","status":"publish","type":"page","link":"https:\/\/www.thediar.com\/es\/soluciones\/optimizar-rentabilidad-negocio-contabilidad\/","title":{"rendered":"Optimiza la rentabilidad de tu negocio con inteligencia de negocio de tus datos contables y financieros"},"content":{"rendered":"<p><strong>Cuando los analistas de negocio empezamos a trabajar en una empresa por primera vez, el problema m\u00e1s habitual que nos encontramos es que en muchas de ellas no se miden ni se aprovechan los datos contables de forma efectiva.<\/strong><\/p>\n<h3>\u00bfA\u00fan no usas los datos contables de tu empresa para optimizar la rentabilidad de tu negocio?<\/h3>\n<blockquote><p>Con la integraci\u00f3n de los datos contables y financieros en un sistema de inteligencia de negocio, no solo puedes tener un mejor control de tus gastos e ingresos, sino que adem\u00e1s sabr\u00e1s el detalle de la rentabilidad y la evoluci\u00f3n por tipolog\u00eda de cuentas de ingresos o cuentas de gastos.<\/p><\/blockquote>\n<p><strong>Nuestra soluci\u00f3n consiste en crear informes \u00fatiles tanto para tu departamento financiero como para integrarse con los sistemas empresariales necesarios (ERP, CRM, CMS, Intranet, Extranet, etc). \u00bfSabr\u00edas responder r\u00e1pidamente las siguientes preguntas?<\/strong>.<\/p>\n<ol>\n<li>\u00bfCu\u00e1l fue la variaci\u00f3n anual de ingresos, gastos y beneficios de tu\/s sociedad\/es el a\u00f1o anterior?\u00bfY el trimestre anterior?<\/li>\n<li>\u00bfCu\u00e1l fue la variaci\u00f3n trimestral de ingresos, gastos y beneficios de tu\/s sociedad\/es el trimestre anterior?<\/li>\n<li>\u00bfCu\u00e1l fue la variaci\u00f3n mensual de ingresos, gastos y beneficios de tu\/s sociedad\/es el mes anterior?<\/li>\n<\/ol>\n<p>Si a\u00fan no puedes responder r\u00e1pidamente las anteriores preguntas, con nuestra soluci\u00f3n dispondr\u00e1s de un informe detallado para responder estas y otras muchas preguntas relevantes.<\/p>\n<figure id=\"attachment_6450\" aria-describedby=\"caption-attachment-6450\" style=\"width: 952px\" class=\"wp-caption aligncenter\"><img data-recalc-dims=\"1\" loading=\"lazy\" decoding=\"async\" class=\"wp-image-6450\" src=\"https:\/\/i0.wp.com\/www.thediar.com\/wp-content\/uploads\/Datos-contabilidad.png?resize=640%2C348&#038;ssl=1\" alt=\"\" width=\"640\" height=\"348\" srcset=\"https:\/\/i0.wp.com\/www.thediar.com\/wp-content\/uploads\/Datos-contabilidad.png?w=1421&amp;ssl=1 1421w, https:\/\/i0.wp.com\/www.thediar.com\/wp-content\/uploads\/Datos-contabilidad.png?resize=300%2C163&amp;ssl=1 300w, https:\/\/i0.wp.com\/www.thediar.com\/wp-content\/uploads\/Datos-contabilidad.png?resize=1024%2C556&amp;ssl=1 1024w, https:\/\/i0.wp.com\/www.thediar.com\/wp-content\/uploads\/Datos-contabilidad.png?resize=768%2C417&amp;ssl=1 768w, https:\/\/i0.wp.com\/www.thediar.com\/wp-content\/uploads\/Datos-contabilidad.png?resize=700%2C380&amp;ssl=1 700w, https:\/\/i0.wp.com\/www.thediar.com\/wp-content\/uploads\/Datos-contabilidad.png?resize=520%2C283&amp;ssl=1 520w, https:\/\/i0.wp.com\/www.thediar.com\/wp-content\/uploads\/Datos-contabilidad.png?resize=360%2C196&amp;ssl=1 360w, https:\/\/i0.wp.com\/www.thediar.com\/wp-content\/uploads\/Datos-contabilidad.png?resize=250%2C136&amp;ssl=1 250w, https:\/\/i0.wp.com\/www.thediar.com\/wp-content\/uploads\/Datos-contabilidad.png?resize=100%2C54&amp;ssl=1 100w, https:\/\/i0.wp.com\/www.thediar.com\/wp-content\/uploads\/Datos-contabilidad.png?w=1280&amp;ssl=1 1280w\" sizes=\"auto, (max-width: 640px) 100vw, 640px\" \/><figcaption id=\"caption-attachment-6450\" class=\"wp-caption-text\">Datos de contabilidad<\/figcaption><\/figure>\n<p>&nbsp;<\/p>\n<p>&nbsp;<\/p>\n<figure id=\"attachment_6453\" aria-describedby=\"caption-attachment-6453\" style=\"width: 954px\" class=\"wp-caption aligncenter\"><img data-recalc-dims=\"1\" loading=\"lazy\" decoding=\"async\" class=\" wp-image-6453\" src=\"https:\/\/i0.wp.com\/www.thediar.com\/wp-content\/uploads\/Informe-de-beneficios-2.png?resize=640%2C78&#038;ssl=1\" alt=\"\" width=\"640\" height=\"78\" srcset=\"https:\/\/i0.wp.com\/www.thediar.com\/wp-content\/uploads\/Informe-de-beneficios-2.png?w=1439&amp;ssl=1 1439w, https:\/\/i0.wp.com\/www.thediar.com\/wp-content\/uploads\/Informe-de-beneficios-2.png?resize=300%2C37&amp;ssl=1 300w, https:\/\/i0.wp.com\/www.thediar.com\/wp-content\/uploads\/Informe-de-beneficios-2.png?resize=1024%2C125&amp;ssl=1 1024w, https:\/\/i0.wp.com\/www.thediar.com\/wp-content\/uploads\/Informe-de-beneficios-2.png?resize=768%2C94&amp;ssl=1 768w, https:\/\/i0.wp.com\/www.thediar.com\/wp-content\/uploads\/Informe-de-beneficios-2.png?resize=700%2C86&amp;ssl=1 700w, https:\/\/i0.wp.com\/www.thediar.com\/wp-content\/uploads\/Informe-de-beneficios-2.png?resize=520%2C64&amp;ssl=1 520w, https:\/\/i0.wp.com\/www.thediar.com\/wp-content\/uploads\/Informe-de-beneficios-2.png?resize=360%2C44&amp;ssl=1 360w, https:\/\/i0.wp.com\/www.thediar.com\/wp-content\/uploads\/Informe-de-beneficios-2.png?resize=250%2C31&amp;ssl=1 250w, https:\/\/i0.wp.com\/www.thediar.com\/wp-content\/uploads\/Informe-de-beneficios-2.png?resize=100%2C12&amp;ssl=1 100w, https:\/\/i0.wp.com\/www.thediar.com\/wp-content\/uploads\/Informe-de-beneficios-2.png?w=1280&amp;ssl=1 1280w\" sizes=\"auto, (max-width: 640px) 100vw, 640px\" \/><figcaption id=\"caption-attachment-6453\" class=\"wp-caption-text\">Informe de beneficios<\/figcaption><\/figure>\n<p>&nbsp;<\/p>\n<figure id=\"attachment_6449\" aria-describedby=\"caption-attachment-6449\" style=\"width: 949px\" class=\"wp-caption aligncenter\"><img data-recalc-dims=\"1\" loading=\"lazy\" decoding=\"async\" class=\"wp-image-6449 size-full\" src=\"https:\/\/i0.wp.com\/www.thediar.com\/wp-content\/uploads\/rentabilidad-1.png?resize=640%2C344&#038;ssl=1\" alt=\"\" width=\"640\" height=\"344\" srcset=\"https:\/\/i0.wp.com\/www.thediar.com\/wp-content\/uploads\/rentabilidad-1.png?w=949&amp;ssl=1 949w, https:\/\/i0.wp.com\/www.thediar.com\/wp-content\/uploads\/rentabilidad-1.png?resize=300%2C161&amp;ssl=1 300w, https:\/\/i0.wp.com\/www.thediar.com\/wp-content\/uploads\/rentabilidad-1.png?resize=768%2C413&amp;ssl=1 768w, https:\/\/i0.wp.com\/www.thediar.com\/wp-content\/uploads\/rentabilidad-1.png?resize=700%2C376&amp;ssl=1 700w, https:\/\/i0.wp.com\/www.thediar.com\/wp-content\/uploads\/rentabilidad-1.png?resize=520%2C279&amp;ssl=1 520w, https:\/\/i0.wp.com\/www.thediar.com\/wp-content\/uploads\/rentabilidad-1.png?resize=360%2C193&amp;ssl=1 360w, https:\/\/i0.wp.com\/www.thediar.com\/wp-content\/uploads\/rentabilidad-1.png?resize=250%2C134&amp;ssl=1 250w, https:\/\/i0.wp.com\/www.thediar.com\/wp-content\/uploads\/rentabilidad-1.png?resize=100%2C54&amp;ssl=1 100w\" sizes=\"auto, (max-width: 640px) 100vw, 640px\" \/><figcaption id=\"caption-attachment-6449\" class=\"wp-caption-text\">Informe de rentabilidad<\/figcaption><\/figure>\n<p>&nbsp;<\/p>\n<p><strong>La agilidad en la respuesta de preguntas de negocio es una grande oportunidad para optimizar la gobernanza y el flujo de informaci\u00f3n de tu empresa.<\/strong><\/p>\n<p>Los ingenieros de datos desarrollan un proceso de ejecuci\u00f3n diaria que obtiene los datos de distintas fuentes de datos y los prepara para que est\u00e9n listos para usarse en los informes necesarios que la empresa necesita para analizar sus negocios.<\/p>\n<p>Nos encargamos de:<\/p>\n<ol>\n<li>Almacenamiento de datos de las distintas fuentes de datos<\/li>\n<li>Limpieza, tratamiento y organizaci\u00f3n de los datos.<\/li>\n<li>Repositorio del hist\u00f3rico de datos.<\/li>\n<li>Visualizaci\u00f3n de datos.<\/li>\n<li>Uso modelos predictivos y de inteligencia artificial generativa.<\/li>\n<li>Ejecuci\u00f3n de procesos.<\/li>\n<\/ol>\n<p><img data-recalc-dims=\"1\" loading=\"lazy\" decoding=\"async\" class=\"alignnone wp-image-6439\" src=\"https:\/\/i0.wp.com\/www.thediar.com\/wp-content\/uploads\/b4fdb6e51f5c5462eacf4b8476b92560e7e3cdc2542fc4da4bbc0851ad481ae2.svg_.png?resize=640%2C591&#038;ssl=1\" alt=\"\" width=\"640\" height=\"591\" srcset=\"https:\/\/i0.wp.com\/www.thediar.com\/wp-content\/uploads\/b4fdb6e51f5c5462eacf4b8476b92560e7e3cdc2542fc4da4bbc0851ad481ae2.svg_.png?w=2080&amp;ssl=1 2080w, https:\/\/i0.wp.com\/www.thediar.com\/wp-content\/uploads\/b4fdb6e51f5c5462eacf4b8476b92560e7e3cdc2542fc4da4bbc0851ad481ae2.svg_.png?resize=300%2C277&amp;ssl=1 300w, https:\/\/i0.wp.com\/www.thediar.com\/wp-content\/uploads\/b4fdb6e51f5c5462eacf4b8476b92560e7e3cdc2542fc4da4bbc0851ad481ae2.svg_.png?resize=1024%2C945&amp;ssl=1 1024w, https:\/\/i0.wp.com\/www.thediar.com\/wp-content\/uploads\/b4fdb6e51f5c5462eacf4b8476b92560e7e3cdc2542fc4da4bbc0851ad481ae2.svg_.png?resize=768%2C709&amp;ssl=1 768w, https:\/\/i0.wp.com\/www.thediar.com\/wp-content\/uploads\/b4fdb6e51f5c5462eacf4b8476b92560e7e3cdc2542fc4da4bbc0851ad481ae2.svg_.png?resize=1536%2C1418&amp;ssl=1 1536w, https:\/\/i0.wp.com\/www.thediar.com\/wp-content\/uploads\/b4fdb6e51f5c5462eacf4b8476b92560e7e3cdc2542fc4da4bbc0851ad481ae2.svg_.png?resize=2048%2C1890&amp;ssl=1 2048w, https:\/\/i0.wp.com\/www.thediar.com\/wp-content\/uploads\/b4fdb6e51f5c5462eacf4b8476b92560e7e3cdc2542fc4da4bbc0851ad481ae2.svg_.png?resize=700%2C646&amp;ssl=1 700w, https:\/\/i0.wp.com\/www.thediar.com\/wp-content\/uploads\/b4fdb6e51f5c5462eacf4b8476b92560e7e3cdc2542fc4da4bbc0851ad481ae2.svg_.png?resize=520%2C480&amp;ssl=1 520w, https:\/\/i0.wp.com\/www.thediar.com\/wp-content\/uploads\/b4fdb6e51f5c5462eacf4b8476b92560e7e3cdc2542fc4da4bbc0851ad481ae2.svg_.png?resize=360%2C332&amp;ssl=1 360w, https:\/\/i0.wp.com\/www.thediar.com\/wp-content\/uploads\/b4fdb6e51f5c5462eacf4b8476b92560e7e3cdc2542fc4da4bbc0851ad481ae2.svg_.png?resize=250%2C231&amp;ssl=1 250w, https:\/\/i0.wp.com\/www.thediar.com\/wp-content\/uploads\/b4fdb6e51f5c5462eacf4b8476b92560e7e3cdc2542fc4da4bbc0851ad481ae2.svg_.png?resize=100%2C92&amp;ssl=1 100w, https:\/\/i0.wp.com\/www.thediar.com\/wp-content\/uploads\/b4fdb6e51f5c5462eacf4b8476b92560e7e3cdc2542fc4da4bbc0851ad481ae2.svg_.png?w=1280&amp;ssl=1 1280w, https:\/\/i0.wp.com\/www.thediar.com\/wp-content\/uploads\/b4fdb6e51f5c5462eacf4b8476b92560e7e3cdc2542fc4da4bbc0851ad481ae2.svg_.png?w=1920&amp;ssl=1 1920w\" sizes=\"auto, (max-width: 640px) 100vw, 640px\" \/><\/p>\n<p><strong>\u00bfY los resultados?\u00bfQu\u00e9 resultados puedes esperar? <\/strong><\/p>\n<p>El beneficio principal de este tipo proyectos es que quien tiene que tener la informaci\u00f3n la tiene disponible cuando la necesita, sin tener que pedir acceso a documentos compartidos o env\u00edo de correos electr\u00f3nicos con documentos adjuntos.<\/p>\n<p>Adem\u00e1s, este proyecto puede ser el primero de muchos, ya que puede ser la semilla que planta la infraestructura para crear otros proyectos o impulsar otras iniciativas. Por ejemplo, <strong>mejorar las previsiones de demanda<\/strong> que permitan mejorar el proceso de compras y reducir costes.<\/p>\n<figure id=\"attachment_6442\" aria-describedby=\"caption-attachment-6442\" style=\"width: 735px\" class=\"wp-caption aligncenter\"><img data-recalc-dims=\"1\" loading=\"lazy\" decoding=\"async\" class=\"size-full wp-image-6442\" src=\"https:\/\/i0.wp.com\/www.thediar.com\/wp-content\/uploads\/probabilistic-forecast.png?resize=640%2C449&#038;ssl=1\" alt=\"\" width=\"640\" height=\"449\" srcset=\"https:\/\/i0.wp.com\/www.thediar.com\/wp-content\/uploads\/probabilistic-forecast.png?w=735&amp;ssl=1 735w, https:\/\/i0.wp.com\/www.thediar.com\/wp-content\/uploads\/probabilistic-forecast.png?resize=300%2C211&amp;ssl=1 300w, https:\/\/i0.wp.com\/www.thediar.com\/wp-content\/uploads\/probabilistic-forecast.png?resize=700%2C491&amp;ssl=1 700w, https:\/\/i0.wp.com\/www.thediar.com\/wp-content\/uploads\/probabilistic-forecast.png?resize=520%2C365&amp;ssl=1 520w, https:\/\/i0.wp.com\/www.thediar.com\/wp-content\/uploads\/probabilistic-forecast.png?resize=360%2C253&amp;ssl=1 360w, https:\/\/i0.wp.com\/www.thediar.com\/wp-content\/uploads\/probabilistic-forecast.png?resize=250%2C176&amp;ssl=1 250w, https:\/\/i0.wp.com\/www.thediar.com\/wp-content\/uploads\/probabilistic-forecast.png?resize=100%2C70&amp;ssl=1 100w\" sizes=\"auto, (max-width: 640px) 100vw, 640px\" \/><figcaption id=\"caption-attachment-6442\" class=\"wp-caption-text\">Fuente: <a href=\"https:\/\/docs.aws.amazon.com\/whitepapers\/latest\/time-series-forecasting-principles-with-amazon-forecast\/case-study-retail-demand-forecasting-problem-for-an-e-commerce-business.html\">Case study: Retail demand forecasting problem for an e-commerce business<\/a><\/figcaption><\/figure>\n<p><strong>Si te gust\u00f3 lo que viste no lo dejes para m\u00e1s tarde, conoce ya todos los detalles y valora si te puede ser \u00fatil:<\/strong><\/p>\n\n<div class=\"wpcf7 no-js\" id=\"wpcf7-f6373-o1\" lang=\"en-US\" dir=\"ltr\" data-wpcf7-id=\"6373\">\n<div class=\"screen-reader-response\"><p role=\"status\" aria-live=\"polite\" aria-atomic=\"true\"><\/p> <ul><\/ul><\/div>\n<form action=\"\/es\/wp-json\/wp\/v2\/pages\/6413#wpcf7-f6373-o1\" method=\"post\" class=\"wpcf7-form init\" aria-label=\"Contact form\" novalidate=\"novalidate\" data-status=\"init\">\n<fieldset class=\"hidden-fields-container\"><input type=\"hidden\" name=\"_wpcf7\" value=\"6373\" \/><input type=\"hidden\" name=\"_wpcf7_version\" value=\"6.1.5\" \/><input type=\"hidden\" name=\"_wpcf7_locale\" value=\"en_US\" \/><input type=\"hidden\" name=\"_wpcf7_unit_tag\" value=\"wpcf7-f6373-o1\" \/><input type=\"hidden\" name=\"_wpcf7_container_post\" value=\"0\" \/><input type=\"hidden\" name=\"_wpcf7_posted_data_hash\" value=\"\" \/>\n<\/fieldset>\n<input class=\"wpcf7-form-control wpcf7-hidden\" value=\"Optimizaci\u00f3n de rentabilidad de tu negocio con los datos contables y financieros\" type=\"hidden\" name=\"title\" \/>\n<p><label> Nombre (requerido)<br \/>\n<span class=\"wpcf7-form-control-wrap\" data-name=\"your-name\"><input size=\"40\" maxlength=\"400\" class=\"wpcf7-form-control wpcf7-text wpcf7-validates-as-required\" aria-required=\"true\" aria-invalid=\"false\" value=\"\" type=\"text\" name=\"your-name\" \/><\/span> <\/label>\n<\/p>\n<p><label> Email (requerido)<br \/>\n<span class=\"wpcf7-form-control-wrap\" data-name=\"your-email\"><input size=\"40\" maxlength=\"400\" class=\"wpcf7-form-control wpcf7-email wpcf7-validates-as-required wpcf7-text wpcf7-validates-as-email\" aria-required=\"true\" aria-invalid=\"false\" value=\"\" type=\"email\" name=\"your-email\" \/><\/span> <\/label>\n<\/p>\n<p><label> Tel\u00e9fono<br \/>\n<span class=\"wpcf7-form-control-wrap\" data-name=\"your-telefono\"><input size=\"40\" maxlength=\"400\" class=\"wpcf7-form-control wpcf7-tel wpcf7-text wpcf7-validates-as-tel\" aria-invalid=\"false\" value=\"\" type=\"tel\" name=\"your-telefono\" \/><\/span><\/label><br \/>\n<em>Deja t\u00fa n\u00famero si quieres que hablemos en una llamada r\u00e1pida.<\/em>\n<\/p>\n<p><label> Observaciones<br \/>\n<span class=\"wpcf7-form-control-wrap\" data-name=\"your-observaciones\"><textarea cols=\"40\" rows=\"3\" maxlength=\"2000\" class=\"wpcf7-form-control wpcf7-textarea\" aria-invalid=\"false\" name=\"your-observaciones\"><\/textarea><\/span><br \/>\n<em>Si dejas el n\u00famero de tel\u00e9fono, indica cuando prefieres que te llamemos.<\/em><br \/>\n<input class=\"wpcf7-form-control wpcf7-submit has-spinner\" type=\"submit\" value=\"Recibir informaci\u00f3n\" \/><span id=\"wpcf7-69e821e4bc00f-wrapper\" class=\"wpcf7-form-control-wrap honeypot-773-wrap\" style=\"display:none !important; visibility:hidden !important;\"><label for=\"wpcf7-69e821e4bc00f-field\" class=\"hp-message\">Please leave this field empty.<\/label><input id=\"wpcf7-69e821e4bc00f-field\"  class=\"wpcf7-form-control wpcf7-text\" type=\"text\" name=\"honeypot-773\" value=\"\" size=\"40\" tabindex=\"-1\" autocomplete=\"new-password\" \/><\/span><\/label>\n<\/p><p style=\"display: none !important;\" class=\"akismet-fields-container\" data-prefix=\"_wpcf7_ak_\"><label>&#916;<textarea name=\"_wpcf7_ak_hp_textarea\" cols=\"45\" rows=\"8\" maxlength=\"100\"><\/textarea><\/label><input type=\"hidden\" id=\"ak_js_1\" name=\"_wpcf7_ak_js\" value=\"204\"\/><script>document.getElementById( \"ak_js_1\" ).setAttribute( \"value\", ( new Date() ).getTime() );<\/script><\/p><div class=\"wpcf7-response-output\" aria-hidden=\"true\"><\/div>\n<\/form>\n<\/div>\n\n<p>The ducks in a row, Partner Premier en Espa\u00f1a 2023 y 2024<\/p>\n<div><a href=\"https:\/\/www.google.com\/partners\/agency?id=8179926559\" rel=\"nofollow\"><br \/>\n<img decoding=\"async\" src=\"https:\/\/www.gstatic.com\/partners\/badge\/images\/2023\/PremierBadgeClickable.svg\" \/><\/a><a href=\"https:\/\/www.google.com\/partners\/agency?id=8179926559\" target=\"_blank\" rel=\"noopener\"><img decoding=\"async\" src=\"https:\/\/www.gstatic.com\/partners\/badge\/images\/2024\/PremierBadgeClickable.svg\" \/><br \/>\n<\/a><\/div>\n<p><\/p>","protected":false},"excerpt":{"rendered":"<p>Cuando los analistas de negocio empezamos a trabajar en una empresa por primera vez, el problema m\u00e1s habitual que nos encontramos es que en muchas de ellas no se miden ni se aprovechan los datos contables de forma efectiva. \u00bfA\u00fan [&hellip;]<\/p>\n","protected":false},"author":1,"featured_media":0,"parent":6338,"menu_order":0,"comment_status":"closed","ping_status":"closed","template":"page-templates\/page_fullwidth.php","meta":{"footnotes":""},"class_list":["post-6413","page","type-page","status-publish","hentry","clearfix"],"aioseo_notices":[],"jetpack_shortlink":"https:\/\/wp.me\/P8d1gX-1Fr","jetpack_sharing_enabled":true,"_links":{"self":[{"href":"https:\/\/www.thediar.com\/es\/wp-json\/wp\/v2\/pages\/6413","targetHints":{"allow":["GET"]}}],"collection":[{"href":"https:\/\/www.thediar.com\/es\/wp-json\/wp\/v2\/pages"}],"about":[{"href":"https:\/\/www.thediar.com\/es\/wp-json\/wp\/v2\/types\/page"}],"author":[{"embeddable":true,"href":"https:\/\/www.thediar.com\/es\/wp-json\/wp\/v2\/users\/1"}],"replies":[{"embeddable":true,"href":"https:\/\/www.thediar.com\/es\/wp-json\/wp\/v2\/comments?post=6413"}],"version-history":[{"count":38,"href":"https:\/\/www.thediar.com\/es\/wp-json\/wp\/v2\/pages\/6413\/revisions"}],"predecessor-version":[{"id":6507,"href":"https:\/\/www.thediar.com\/es\/wp-json\/wp\/v2\/pages\/6413\/revisions\/6507"}],"up":[{"embeddable":true,"href":"https:\/\/www.thediar.com\/es\/wp-json\/wp\/v2\/pages\/6338"}],"wp:attachment":[{"href":"https:\/\/www.thediar.com\/es\/wp-json\/wp\/v2\/media?parent=6413"}],"curies":[{"name":"wp","href":"https:\/\/api.w.org\/{rel}","templated":true}]}}