{"id":6474,"date":"2024-07-22T10:00:06","date_gmt":"2024-07-22T08:00:06","guid":{"rendered":"https:\/\/www.thediar.com\/?page_id=6474"},"modified":"2024-07-22T10:02:17","modified_gmt":"2024-07-22T08:02:17","slug":"optimizar-extaccion-datos-documentos","status":"publish","type":"page","link":"https:\/\/www.thediar.com\/es\/soluciones\/optimizar-extaccion-datos-documentos\/","title":{"rendered":"Optimiza la extracci\u00f3n de datos en los procesos de digitalizaci\u00f3n de documentos"},"content":{"rendered":"<p><strong>Cuando los consultores de optimizaci\u00f3n de procesos vemos que hay mucha documentaci\u00f3n en papel, el problema m\u00e1s importante que nos encontramos no es la digitalizaci\u00f3n de la documentaci\u00f3n, sino la extracci\u00f3n de los datos para poder usarlos en los sistemas de la empresa.<\/strong><\/p>\n<h3>\u00bfA\u00fan no usas la extracci\u00f3n de datos de tu documentaci\u00f3n?<\/h3>\n<blockquote><p>Con la extracci\u00f3n de datos de tu documentaci\u00f3n, no solo podr\u00e1s hacer m\u00e1s eficientes tus procesos, sino que tambi\u00e9n podr\u00e1s terminarlos m\u00e1s r\u00e1pido.<\/p><\/blockquote>\n<p><strong>Nuestra soluci\u00f3n consiste en crear una app \u00fatil tanto para tu departamento de operaciones como para la integraci\u00f3n asistida o automatizada con tus sistemas. \u00bfSabr\u00edas responder las siguientes preguntas?<\/strong>.<\/p>\n<ol>\n<li>\u00bfQu\u00e9 tipo de documentos est\u00e1is gestionando? (Facturas, albaranes, recibos, tickets, DUA, contratos, informes, etc)<\/li>\n<li>\u00bfQu\u00e9 datos necesit\u00e1is extraer de cada uno de los documentos?<\/li>\n<li>\u00bfA qu\u00e9 sistemas se tiene que enviar la informaci\u00f3n?<\/li>\n<li>\u00bfQu\u00e9 volumen de documentos gestion\u00e1is mensualmente?<\/li>\n<\/ol>\n<p>Si a\u00fan no las puedes responder, con nuestra soluci\u00f3n sabr\u00e1s cuantos documentos has podido gestionar mes a mes de forma manual, de forma asistida o de forma automatizada<\/p>\n<p><img data-recalc-dims=\"1\" loading=\"lazy\" decoding=\"async\" src=\"https:\/\/i0.wp.com\/www.thediar.com\/wp-content\/uploads\/data-extraction.png?resize=640%2C304&#038;ssl=1\" alt=\"\" width=\"640\" height=\"304\" class=\"alignnone size-full wp-image-6481\" srcset=\"https:\/\/i0.wp.com\/www.thediar.com\/wp-content\/uploads\/data-extraction.png?w=993&amp;ssl=1 993w, https:\/\/i0.wp.com\/www.thediar.com\/wp-content\/uploads\/data-extraction.png?resize=300%2C143&amp;ssl=1 300w, https:\/\/i0.wp.com\/www.thediar.com\/wp-content\/uploads\/data-extraction.png?resize=768%2C365&amp;ssl=1 768w, https:\/\/i0.wp.com\/www.thediar.com\/wp-content\/uploads\/data-extraction.png?resize=700%2C333&amp;ssl=1 700w, https:\/\/i0.wp.com\/www.thediar.com\/wp-content\/uploads\/data-extraction.png?resize=520%2C247&amp;ssl=1 520w, https:\/\/i0.wp.com\/www.thediar.com\/wp-content\/uploads\/data-extraction.png?resize=360%2C171&amp;ssl=1 360w, https:\/\/i0.wp.com\/www.thediar.com\/wp-content\/uploads\/data-extraction.png?resize=250%2C119&amp;ssl=1 250w, https:\/\/i0.wp.com\/www.thediar.com\/wp-content\/uploads\/data-extraction.png?resize=100%2C48&amp;ssl=1 100w\" sizes=\"auto, (max-width: 640px) 100vw, 640px\" \/><\/p>\n<p><strong>Tener una aplicaci\u00f3n para tus procesos de extracci\u00f3n de datos permite la subida y control de todos los documentos que necesites gestionar<\/strong><\/p>\n<p>La soluci\u00f3n de Document AI de Google y la API de Google Cloud Vision nos permite obtener las posiciones de los textos en los documentos con la mejor precisi\u00f3n que una soluci\u00f3n OCR tradicional.<\/p>\n<p><img data-recalc-dims=\"1\" loading=\"lazy\" decoding=\"async\" src=\"https:\/\/i0.wp.com\/www.thediar.com\/wp-content\/uploads\/data-extraction2.png?resize=640%2C467&#038;ssl=1\" alt=\"\" width=\"640\" height=\"467\" class=\"alignnone size-full wp-image-6484\" srcset=\"https:\/\/i0.wp.com\/www.thediar.com\/wp-content\/uploads\/data-extraction2.png?w=1045&amp;ssl=1 1045w, https:\/\/i0.wp.com\/www.thediar.com\/wp-content\/uploads\/data-extraction2.png?resize=300%2C219&amp;ssl=1 300w, https:\/\/i0.wp.com\/www.thediar.com\/wp-content\/uploads\/data-extraction2.png?resize=1024%2C747&amp;ssl=1 1024w, https:\/\/i0.wp.com\/www.thediar.com\/wp-content\/uploads\/data-extraction2.png?resize=768%2C560&amp;ssl=1 768w, https:\/\/i0.wp.com\/www.thediar.com\/wp-content\/uploads\/data-extraction2.png?resize=700%2C510&amp;ssl=1 700w, https:\/\/i0.wp.com\/www.thediar.com\/wp-content\/uploads\/data-extraction2.png?resize=520%2C379&amp;ssl=1 520w, https:\/\/i0.wp.com\/www.thediar.com\/wp-content\/uploads\/data-extraction2.png?resize=360%2C263&amp;ssl=1 360w, https:\/\/i0.wp.com\/www.thediar.com\/wp-content\/uploads\/data-extraction2.png?resize=250%2C182&amp;ssl=1 250w, https:\/\/i0.wp.com\/www.thediar.com\/wp-content\/uploads\/data-extraction2.png?resize=100%2C73&amp;ssl=1 100w\" sizes=\"auto, (max-width: 640px) 100vw, 640px\" \/><\/p>\n<p>Nuestros ingenieros de datos, a partir de los datos de la API y tus especificaciones t\u00e9cnicas, podr\u00e1n crear un proceso que genera tanto la tabla que necesitan tus sistemas como las tablas intermedias que permiten detectar problemas en la extracci\u00f3n de datos de los documentos de partida.<\/p>\n<p><img data-recalc-dims=\"1\" loading=\"lazy\" decoding=\"async\" src=\"https:\/\/i0.wp.com\/www.thediar.com\/wp-content\/uploads\/custom-based-extraction-8.png?resize=640%2C268&#038;ssl=1\" alt=\"\" width=\"640\" height=\"268\" class=\"alignnone size-full wp-image-6487\" srcset=\"https:\/\/i0.wp.com\/www.thediar.com\/wp-content\/uploads\/custom-based-extraction-8.png?w=1999&amp;ssl=1 1999w, https:\/\/i0.wp.com\/www.thediar.com\/wp-content\/uploads\/custom-based-extraction-8.png?resize=300%2C126&amp;ssl=1 300w, https:\/\/i0.wp.com\/www.thediar.com\/wp-content\/uploads\/custom-based-extraction-8.png?resize=1024%2C429&amp;ssl=1 1024w, https:\/\/i0.wp.com\/www.thediar.com\/wp-content\/uploads\/custom-based-extraction-8.png?resize=768%2C322&amp;ssl=1 768w, https:\/\/i0.wp.com\/www.thediar.com\/wp-content\/uploads\/custom-based-extraction-8.png?resize=1536%2C643&amp;ssl=1 1536w, https:\/\/i0.wp.com\/www.thediar.com\/wp-content\/uploads\/custom-based-extraction-8.png?resize=700%2C293&amp;ssl=1 700w, https:\/\/i0.wp.com\/www.thediar.com\/wp-content\/uploads\/custom-based-extraction-8.png?resize=520%2C218&amp;ssl=1 520w, https:\/\/i0.wp.com\/www.thediar.com\/wp-content\/uploads\/custom-based-extraction-8.png?resize=360%2C151&amp;ssl=1 360w, https:\/\/i0.wp.com\/www.thediar.com\/wp-content\/uploads\/custom-based-extraction-8.png?resize=250%2C105&amp;ssl=1 250w, https:\/\/i0.wp.com\/www.thediar.com\/wp-content\/uploads\/custom-based-extraction-8.png?resize=100%2C42&amp;ssl=1 100w, https:\/\/i0.wp.com\/www.thediar.com\/wp-content\/uploads\/custom-based-extraction-8.png?w=1280&amp;ssl=1 1280w, https:\/\/i0.wp.com\/www.thediar.com\/wp-content\/uploads\/custom-based-extraction-8.png?w=1920&amp;ssl=1 1920w\" sizes=\"auto, (max-width: 640px) 100vw, 640px\" \/><\/p>\n<p><strong>\u00bfY los resultados?\u00bfQu\u00e9 resultados puedes esperar?<\/strong><\/p>\n<p>Dependiendo de tu punto de partida, el impacto de este proyecto puede ser mayor o menor. Incluso para ecommerce con muy poco volumen, el ahorro en dedicaci\u00f3n puede ser importante, incluso de m\u00e1s del 20%.<\/p>\n<p><strong>Si te gust\u00f3 lo que viste no lo dejes para m\u00e1s tarde, conoce ya todos los detalles y valora si te puede ser \u00fatil:<\/strong><\/p>\n\n<div class=\"wpcf7 no-js\" id=\"wpcf7-f6373-o1\" lang=\"en-US\" dir=\"ltr\" data-wpcf7-id=\"6373\">\n<div class=\"screen-reader-response\"><p role=\"status\" aria-live=\"polite\" aria-atomic=\"true\"><\/p> <ul><\/ul><\/div>\n<form action=\"\/es\/wp-json\/wp\/v2\/pages\/6474#wpcf7-f6373-o1\" method=\"post\" class=\"wpcf7-form init\" aria-label=\"Contact form\" novalidate=\"novalidate\" data-status=\"init\">\n<fieldset class=\"hidden-fields-container\"><input type=\"hidden\" name=\"_wpcf7\" value=\"6373\" \/><input type=\"hidden\" name=\"_wpcf7_version\" value=\"6.1.5\" \/><input type=\"hidden\" name=\"_wpcf7_locale\" value=\"en_US\" \/><input type=\"hidden\" name=\"_wpcf7_unit_tag\" value=\"wpcf7-f6373-o1\" \/><input type=\"hidden\" name=\"_wpcf7_container_post\" value=\"0\" \/><input type=\"hidden\" name=\"_wpcf7_posted_data_hash\" value=\"\" \/>\n<\/fieldset>\n<input class=\"wpcf7-form-control wpcf7-hidden\" value=\"Optimiza la extracci\u00f3n de datos en los procesos de digitalizaci\u00f3n de documentos\" type=\"hidden\" name=\"title\" \/>\n<p><label> Nombre (requerido)<br \/>\n<span class=\"wpcf7-form-control-wrap\" data-name=\"your-name\"><input size=\"40\" maxlength=\"400\" class=\"wpcf7-form-control wpcf7-text wpcf7-validates-as-required\" aria-required=\"true\" aria-invalid=\"false\" value=\"\" type=\"text\" name=\"your-name\" \/><\/span> <\/label>\n<\/p>\n<p><label> Email (requerido)<br \/>\n<span class=\"wpcf7-form-control-wrap\" data-name=\"your-email\"><input size=\"40\" maxlength=\"400\" class=\"wpcf7-form-control wpcf7-email wpcf7-validates-as-required wpcf7-text wpcf7-validates-as-email\" aria-required=\"true\" aria-invalid=\"false\" value=\"\" type=\"email\" name=\"your-email\" \/><\/span> <\/label>\n<\/p>\n<p><label> Tel\u00e9fono<br \/>\n<span class=\"wpcf7-form-control-wrap\" data-name=\"your-telefono\"><input size=\"40\" maxlength=\"400\" class=\"wpcf7-form-control wpcf7-tel wpcf7-text wpcf7-validates-as-tel\" aria-invalid=\"false\" value=\"\" type=\"tel\" name=\"your-telefono\" \/><\/span><\/label><br \/>\n<em>Deja t\u00fa n\u00famero si quieres que hablemos en una llamada r\u00e1pida.<\/em>\n<\/p>\n<p><label> Observaciones<br \/>\n<span class=\"wpcf7-form-control-wrap\" data-name=\"your-observaciones\"><textarea cols=\"40\" rows=\"3\" maxlength=\"2000\" class=\"wpcf7-form-control wpcf7-textarea\" aria-invalid=\"false\" name=\"your-observaciones\"><\/textarea><\/span><br \/>\n<em>Si dejas el n\u00famero de tel\u00e9fono, indica cuando prefieres que te llamemos.<\/em><br \/>\n<input class=\"wpcf7-form-control wpcf7-submit has-spinner\" type=\"submit\" value=\"Recibir informaci\u00f3n\" \/><span id=\"wpcf7-69e81bb933098-wrapper\" class=\"wpcf7-form-control-wrap honeypot-773-wrap\" style=\"display:none !important; visibility:hidden !important;\"><label for=\"wpcf7-69e81bb933098-field\" class=\"hp-message\">Please leave this field empty.<\/label><input id=\"wpcf7-69e81bb933098-field\"  class=\"wpcf7-form-control wpcf7-text\" type=\"text\" name=\"honeypot-773\" value=\"\" size=\"40\" tabindex=\"-1\" autocomplete=\"new-password\" \/><\/span><\/label>\n<\/p><p style=\"display: none !important;\" class=\"akismet-fields-container\" data-prefix=\"_wpcf7_ak_\"><label>&#916;<textarea name=\"_wpcf7_ak_hp_textarea\" cols=\"45\" rows=\"8\" maxlength=\"100\"><\/textarea><\/label><input type=\"hidden\" id=\"ak_js_1\" name=\"_wpcf7_ak_js\" value=\"153\"\/><script>document.getElementById( \"ak_js_1\" ).setAttribute( \"value\", ( new Date() ).getTime() );<\/script><\/p><div class=\"wpcf7-response-output\" aria-hidden=\"true\"><\/div>\n<\/form>\n<\/div>\n\n<p>&nbsp;<br \/>\nThe ducks in a row, Partner Premier en Espa\u00f1a 2023 y 2024<br \/>\n&nbsp;<\/p>\n<div><a href=\"https:\/\/www.google.com\/partners\/agency?id=8179926559\" rel=\"nofollow\"><br \/>\n<img decoding=\"async\" src=\"https:\/\/www.gstatic.com\/partners\/badge\/images\/2023\/PremierBadgeClickable.svg\" \/><\/a><a href=\"https:\/\/www.google.com\/partners\/agency?id=8179926559\" target=\"_blank\" rel=\"noopener\"><img decoding=\"async\" src=\"https:\/\/www.gstatic.com\/partners\/badge\/images\/2024\/PremierBadgeClickable.svg\" \/><br \/>\n<\/a>\n<\/div>\n<p><\/p>","protected":false},"excerpt":{"rendered":"<p>Cuando los consultores de optimizaci\u00f3n de procesos vemos que hay mucha documentaci\u00f3n en papel, el problema m\u00e1s importante que nos encontramos no es la digitalizaci\u00f3n de la documentaci\u00f3n, sino la extracci\u00f3n de los datos para poder usarlos en los sistemas [&hellip;]<\/p>\n","protected":false},"author":1,"featured_media":0,"parent":6338,"menu_order":0,"comment_status":"closed","ping_status":"closed","template":"page-templates\/page_fullwidth.php","meta":{"footnotes":""},"class_list":["post-6474","page","type-page","status-publish","hentry","clearfix"],"aioseo_notices":[],"jetpack_shortlink":"https:\/\/wp.me\/P8d1gX-1Gq","jetpack_sharing_enabled":true,"_links":{"self":[{"href":"https:\/\/www.thediar.com\/es\/wp-json\/wp\/v2\/pages\/6474","targetHints":{"allow":["GET"]}}],"collection":[{"href":"https:\/\/www.thediar.com\/es\/wp-json\/wp\/v2\/pages"}],"about":[{"href":"https:\/\/www.thediar.com\/es\/wp-json\/wp\/v2\/types\/page"}],"author":[{"embeddable":true,"href":"https:\/\/www.thediar.com\/es\/wp-json\/wp\/v2\/users\/1"}],"replies":[{"embeddable":true,"href":"https:\/\/www.thediar.com\/es\/wp-json\/wp\/v2\/comments?post=6474"}],"version-history":[{"count":15,"href":"https:\/\/www.thediar.com\/es\/wp-json\/wp\/v2\/pages\/6474\/revisions"}],"predecessor-version":[{"id":6493,"href":"https:\/\/www.thediar.com\/es\/wp-json\/wp\/v2\/pages\/6474\/revisions\/6493"}],"up":[{"embeddable":true,"href":"https:\/\/www.thediar.com\/es\/wp-json\/wp\/v2\/pages\/6338"}],"wp:attachment":[{"href":"https:\/\/www.thediar.com\/es\/wp-json\/wp\/v2\/media?parent=6474"}],"curies":[{"name":"wp","href":"https:\/\/api.w.org\/{rel}","templated":true}]}}