{"id":65,"date":"2016-12-15T21:08:21","date_gmt":"2016-12-15T20:08:21","guid":{"rendered":"http:\/\/dev.thediar.com\/?page_id=65"},"modified":"2019-07-09T12:07:04","modified_gmt":"2019-07-09T10:07:04","slug":"success-stories","status":"publish","type":"page","link":"https:\/\/www.thediar.com\/es\/meet-the-team\/success-stories\/","title":{"rendered":"Casos de \u00c9xito"},"content":{"rendered":"<p><\/p>\n<h2>Descubre c\u00f3mo hemos mejorado Ventas, Eficiencia de Operaciones y Eficacia de Datos a partir de nuestras experiencias.<\/h2>\n\t\t\t\t<div class=\"jetpack-portfolio-shortcode column-3\">\n\t\t\t\t\t\t\t\t\t<div class=\"portfolio-entry portfolio-entry-column-3 type-success-stories portfolio-entry-mobile-first-item-row portfolio-entry-first-item-row\">\n\t\t\t\t\t\t<header class=\"portfolio-entry-header\">\n\t\t\t\t\t\t<a class=\"portfolio-featured-image\" href=\"https:\/\/www.thediar.com\/es\/portfolio\/deindeal-ch\/\"><img loading=\"lazy\" decoding=\"async\" width=\"200\" height=\"200\" src=\"https:\/\/i0.wp.com\/www.thediar.com\/wp-content\/uploads\/2016\/12\/deindeal.png?fit=200%2C200&amp;ssl=1\" class=\"attachment-large size-large wp-post-image\" alt=\"\" srcset=\"https:\/\/i0.wp.com\/www.thediar.com\/wp-content\/uploads\/2016\/12\/deindeal.png?w=200&amp;ssl=1 200w, https:\/\/i0.wp.com\/www.thediar.com\/wp-content\/uploads\/2016\/12\/deindeal.png?resize=100%2C100&amp;ssl=1 100w, https:\/\/i0.wp.com\/www.thediar.com\/wp-content\/uploads\/2016\/12\/deindeal.png?resize=50%2C50&amp;ssl=1 50w\" sizes=\"auto, (max-width: 200px) 100vw, 200px\" \/><\/a>\n\t\t\t\t\t\t<h2 class=\"portfolio-entry-title\"><a href=\"https:\/\/www.thediar.com\/es\/portfolio\/deindeal-ch\/\" title=\"DeinDeal.ch, marketing y merchandizing optimizado\">DeinDeal.ch, marketing y merchandizing optimizado<\/a><\/h2>\n\n\t\t\t\t\t\t\t<div class=\"portfolio-entry-meta\">\n\t\t\t\t\t\t\t\t\t\t\t\t\t\t<\/div>\n\n\t\t\t\t\t\t<\/header>\n\n\t\t\t\t\t\t\t\t\t\t\t\t<div class=\"portfolio-entry-content\"><p>La plataforma de descuentos en e-commerce n\u00famero 1 en Suiza. Con el slogan \u00ab\u00a1M\u00e1s ofertas para una mejor vida!\u00bb, DeinDeal busca ser la plataforma de e-commerce m\u00e1s amigable en Suiza, trayendo felicidad a sus usuarios los 365 d\u00edas del a\u00f1o.<\/p>\n<\/div>\n\t\t\t\t\t\t\t\t\t\t\t\t<\/div><!-- close .portfolio-entry -->\n\t\t\t\t\t\t\t\t\t\t<div class=\"portfolio-entry portfolio-entry-column-3 type-success-stories portfolio-entry-mobile-last-item-row\">\n\t\t\t\t\t\t<header class=\"portfolio-entry-header\">\n\t\t\t\t\t\t<a class=\"portfolio-featured-image\" href=\"https:\/\/www.thediar.com\/es\/portfolio\/offerum\/\"><img loading=\"lazy\" decoding=\"async\" width=\"200\" height=\"200\" src=\"https:\/\/i0.wp.com\/www.thediar.com\/wp-content\/uploads\/2016\/12\/offerum.jpg?fit=200%2C200&amp;ssl=1\" class=\"attachment-large size-large wp-post-image\" alt=\"\" srcset=\"https:\/\/i0.wp.com\/www.thediar.com\/wp-content\/uploads\/2016\/12\/offerum.jpg?w=200&amp;ssl=1 200w, https:\/\/i0.wp.com\/www.thediar.com\/wp-content\/uploads\/2016\/12\/offerum.jpg?resize=100%2C100&amp;ssl=1 100w, https:\/\/i0.wp.com\/www.thediar.com\/wp-content\/uploads\/2016\/12\/offerum.jpg?resize=50%2C50&amp;ssl=1 50w\" sizes=\"auto, (max-width: 200px) 100vw, 200px\" \/><\/a>\n\t\t\t\t\t\t<h2 class=\"portfolio-entry-title\"><a href=\"https:\/\/www.thediar.com\/es\/portfolio\/offerum\/\" title=\"Offerum, reducci\u00f3n de carga de trabajo de backend\">Offerum, reducci\u00f3n de carga de trabajo de backend<\/a><\/h2>\n\n\t\t\t\t\t\t\t<div class=\"portfolio-entry-meta\">\n\t\t\t\t\t\t\t\t\t\t\t\t\t\t<\/div>\n\n\t\t\t\t\t\t<\/header>\n\n\t\t\t\t\t\t\t\t\t\t\t\t<div class=\"portfolio-entry-content\"><p>Offerum ofrece diariamente a sus usuarios un amplio rango de actividades exclusivas con descuentos de hasta el 90%: cenas de lujo, escapadas rom\u00e1nticas, espect\u00e1culos exclusivos, etc.<\/p>\n<\/div>\n\t\t\t\t\t\t\t\t\t\t\t\t<\/div><!-- close .portfolio-entry -->\n\t\t\t\t\t\t\t\t\t\t<div class=\"portfolio-entry portfolio-entry-column-3 type-success-stories portfolio-entry-mobile-first-item-row portfolio-entry-last-item-row\">\n\t\t\t\t\t\t<header class=\"portfolio-entry-header\">\n\t\t\t\t\t\t<a class=\"portfolio-featured-image\" href=\"https:\/\/www.thediar.com\/es\/portfolio\/vendo-services\/\"><img loading=\"lazy\" decoding=\"async\" width=\"200\" height=\"200\" src=\"https:\/\/i0.wp.com\/www.thediar.com\/wp-content\/uploads\/vendoservices200.png?fit=200%2C200&amp;ssl=1\" class=\"attachment-large size-large wp-post-image\" alt=\"\" srcset=\"https:\/\/i0.wp.com\/www.thediar.com\/wp-content\/uploads\/vendoservices200.png?w=200&amp;ssl=1 200w, https:\/\/i0.wp.com\/www.thediar.com\/wp-content\/uploads\/vendoservices200.png?resize=100%2C100&amp;ssl=1 100w, https:\/\/i0.wp.com\/www.thediar.com\/wp-content\/uploads\/vendoservices200.png?resize=50%2C50&amp;ssl=1 50w\" sizes=\"auto, (max-width: 200px) 100vw, 200px\" \/><\/a>\n\t\t\t\t\t\t<h2 class=\"portfolio-entry-title\"><a href=\"https:\/\/www.thediar.com\/es\/portfolio\/vendo-services\/\" title=\"Vendo Services, adaptado a la elasticidad de precios\">Vendo Services, adaptado a la elasticidad de precios<\/a><\/h2>\n\n\t\t\t\t\t\t\t<div class=\"portfolio-entry-meta\">\n\t\t\t\t\t\t\t\t\t\t\t\t\t\t<\/div>\n\n\t\t\t\t\t\t<\/header>\n\n\t\t\t\t\t\t\t\t\t\t\t\t<div class=\"portfolio-entry-content\"><p>Procesando m\u00e1s de 130 tipos de pago a trav\u00e9s de 190 pa\u00edses y provee atenci\u00f3n al cliente en 22 idiomas, a la vez que trabaja con las compa\u00f1\u00edas en dise\u00f1ar a medida sus mensaje y precios para maximizar los ingresos [&hellip;]<\/p>\n<\/div>\n\t\t\t\t\t\t\t\t\t\t\t\t<\/div><!-- close .portfolio-entry -->\n\t\t\t\t\t\t\t\t\t<\/div><!-- close .jetpack-portfolio -->\n\t\t\t\t\n<p><a class=\"button\" href=\"\/es\/contact\/\">Contacta con nosotros<\/a> <a href=\"\/es\/meet-the-team\/\">Conoce al equipo<\/a><\/p>\n<p><\/p>","protected":false},"excerpt":{"rendered":"<p>Descubre c\u00f3mo hemos mejorado Ventas, Eficiencia de Operaciones y Eficacia de Datos a partir de nuestras experiencias. Contacta con nosotros Conoce al equipo<\/p>\n","protected":false},"author":1,"featured_media":0,"parent":49,"menu_order":2,"comment_status":"closed","ping_status":"closed","template":"page-templates\/page_fullwidth.php","meta":{"footnotes":""},"class_list":["post-65","page","type-page","status-publish","hentry","clearfix"],"aioseo_notices":[],"jetpack_shortlink":"https:\/\/wp.me\/P8d1gX-13","jetpack_sharing_enabled":true,"_links":{"self":[{"href":"https:\/\/www.thediar.com\/es\/wp-json\/wp\/v2\/pages\/65","targetHints":{"allow":["GET"]}}],"collection":[{"href":"https:\/\/www.thediar.com\/es\/wp-json\/wp\/v2\/pages"}],"about":[{"href":"https:\/\/www.thediar.com\/es\/wp-json\/wp\/v2\/types\/page"}],"author":[{"embeddable":true,"href":"https:\/\/www.thediar.com\/es\/wp-json\/wp\/v2\/users\/1"}],"replies":[{"embeddable":true,"href":"https:\/\/www.thediar.com\/es\/wp-json\/wp\/v2\/comments?post=65"}],"version-history":[{"count":6,"href":"https:\/\/www.thediar.com\/es\/wp-json\/wp\/v2\/pages\/65\/revisions"}],"predecessor-version":[{"id":979,"href":"https:\/\/www.thediar.com\/es\/wp-json\/wp\/v2\/pages\/65\/revisions\/979"}],"up":[{"embeddable":true,"href":"https:\/\/www.thediar.com\/es\/wp-json\/wp\/v2\/pages\/49"}],"wp:attachment":[{"href":"https:\/\/www.thediar.com\/es\/wp-json\/wp\/v2\/media?parent=65"}],"curies":[{"name":"wp","href":"https:\/\/api.w.org\/{rel}","templated":true}]}}