{"id":90,"date":"2016-12-15T22:20:11","date_gmt":"2016-12-15T21:20:11","guid":{"rendered":"http:\/\/dev.thediar.com\/?page_id=90"},"modified":"2019-07-09T12:06:02","modified_gmt":"2019-07-09T10:06:02","slug":"digital-analytics-and-cro","status":"publish","type":"page","link":"https:\/\/www.thediar.com\/es\/what-we-do\/digital-analytics-and-cro\/","title":{"rendered":"Anal\u00edtica web, CRO y Optimizaci\u00f3n del Marketing Digital"},"content":{"rendered":"<p><\/p>\n<div class=\"paragraph\">\n<blockquote><p><strong>Data-driven marketing optimization<\/strong> es un enfoque anal\u00edtico del marketing que valora que las decisiones que puedan\u00a0ser apoyadas\u00a0con datos verificables. El \u00e9xito del enfoque basado en datos depende de la calidad de los datos recopilados y de la eficacia de su an\u00e1lisis e interpretaci\u00f3n con el fin de optimizar los resultados del marketing.<\/p><\/blockquote>\n<div class=\"wsite-spacer\"><\/div>\n<div>\n<div class=\"wsite-image wsite-image-border-none \">\n<div>\u00a0<img data-recalc-dims=\"1\" loading=\"lazy\" decoding=\"async\" class=\"alignnone wp-image-91 size-full\" src=\"https:\/\/i0.wp.com\/www.thediar.com\/wp-content\/uploads\/2016\/12\/dma.jpg?resize=640%2C123\" width=\"640\" height=\"123\" srcset=\"https:\/\/i0.wp.com\/www.thediar.com\/wp-content\/uploads\/2016\/12\/dma.jpg?w=954&amp;ssl=1 954w, https:\/\/i0.wp.com\/www.thediar.com\/wp-content\/uploads\/2016\/12\/dma.jpg?resize=300%2C58&amp;ssl=1 300w, https:\/\/i0.wp.com\/www.thediar.com\/wp-content\/uploads\/2016\/12\/dma.jpg?resize=768%2C148&amp;ssl=1 768w, https:\/\/i0.wp.com\/www.thediar.com\/wp-content\/uploads\/2016\/12\/dma.jpg?resize=700%2C135&amp;ssl=1 700w, https:\/\/i0.wp.com\/www.thediar.com\/wp-content\/uploads\/2016\/12\/dma.jpg?resize=520%2C100&amp;ssl=1 520w, https:\/\/i0.wp.com\/www.thediar.com\/wp-content\/uploads\/2016\/12\/dma.jpg?resize=360%2C69&amp;ssl=1 360w, https:\/\/i0.wp.com\/www.thediar.com\/wp-content\/uploads\/2016\/12\/dma.jpg?resize=250%2C48&amp;ssl=1 250w, https:\/\/i0.wp.com\/www.thediar.com\/wp-content\/uploads\/2016\/12\/dma.jpg?resize=100%2C19&amp;ssl=1 100w\" sizes=\"auto, (max-width: 640px) 100vw, 640px\" \/><\/div>\n<\/div>\n<\/div>\n<div class=\"wsite-spacer\"><\/div>\n<p>Mediante la Optimizaci\u00f3n de la Tasa de Conversi\u00f3n, somos capaces de\u00a0<strong>mejorar el rendimiento\u00a0<\/strong>de las p\u00e1ginas web y Apps, mediante conocimiento proveniente de la<strong>\u00a0anal\u00edtica digital<\/strong>\u00a0y del\u00a0<strong>feedback del usuario<\/strong>. \u00a0Esto resulta en un incremento de ventas, leads o cualquier otro objetivo (dependiendo de la naturaleza del site o App) principalmente tomando el tr\u00e1fico existente y\u00a0<strong>sac\u00e1ndole el m\u00e1ximo provecho<\/strong>.<\/p>\n<p>Con una\u00a0<strong>herramienta de anal\u00edtica digital<\/strong>\u00a0hacemos seguimiento de los usuarios y de su\u00a0<strong>comportamiento<\/strong>: de d\u00f3nde vienen, su destino en el site o App o sus patrones de navegaci\u00f3n a trav\u00e9s de los diversos contenidos. El\u00a0<strong>an\u00e1lisis de contenidos<\/strong>\u00a0nos permite identificar d\u00f3nde se encuentra el mayor\u00a0<strong>potencial<\/strong>\u00a0y qu\u00e9 debe ser mejorado para conseguir las metas y objetivos marcados.<\/p>\n<p>Como parte de la medici\u00f3n de la calidad del usuario, la identificaci\u00f3n de las\u00a0<strong>fuentes de tr\u00e1fico<\/strong>\u00a0es un punto clave. Mediante la\u00a0<strong>segmentaci\u00f3n<\/strong>\u00a0de las mismas somos capaces de obtener los mejores modelos para la asignaci\u00f3n de presupuestos (<strong>atribuci\u00f3n de campa\u00f1as).<\/strong><\/p>\n<p>La definici\u00f3n e implementaci\u00f3n de un\u00a0<strong>plan de medici\u00f3n<\/strong>\u00a0nos da un contexto para el\u00a0<strong>marcado<\/strong>\u00a0de su site o App. Esto nos permite identificar Fortalezas, Debilidades, Oportunidades y Amenazas (<strong>an\u00e1lisis DAFO<\/strong>) de las que luego obtenemos nuevas metas y objetivos, y nos se\u00f1ala a qu\u00e9\u00a0<strong>segmentos de usuarios<\/strong>\u00a0debemos dirigir nuestros contenidos y mensajes, tanto fuera como dentro de nuestro site o App (<strong>aproximaci\u00f3n Omnicanal<\/strong>).<\/p>\n<p>Una vez que la oportunidad o amenaza ha sido detectada, se propondr\u00e1 un\u00a0<strong>test A\/B\u00a0<\/strong>o\u00a0<strong>multivariante<\/strong>. Con esto, somos capaces de mostrar dos (o m\u00e1s) versiones de un contenido o proceso a diferentes segmentos de usuarios para luego ver cu\u00e1l rinde mejor. Esta t\u00e9cnica nos permite tomar <strong>decisiones<\/strong>\u00a0<strong>basadas de datos<\/strong>\u00a0mientras podemos ignorar efectos estacionales.<\/p>\n<p>Con gran orgullo anunciamos que somos Partners de\u00a0<strong>Visual Website Optimizer<\/strong>, una de las herramientas de A\/B testing m\u00e1s simples y utilizadas del mundo.<\/p>\n<\/div>\n<div class=\"paragraph\">\n<p>A modo de ejemplo, listamos algunas aplicaciones:<\/p>\n<ul>\n<li>Planes de Medici\u00f3n<\/li>\n<li>Gesti\u00f3n Multicanal de Datos<\/li>\n<li>Atribuci\u00f3n de Campa\u00f1as<\/li>\n<li>An\u00e1lisis de Quick-wins<\/li>\n<li>Atribuci\u00f3n de Dispositivos<\/li>\n<li>Sistemas de alarmas<\/li>\n<li>Gesti\u00f3n de Tags<\/li>\n<li>A\/B y Multivariate Testing<\/li>\n<li>Optimizaci\u00f3n de la Tasa de Conversi\u00f3n<\/li>\n<li>Personalizaci\u00f3n<\/li>\n<li>Sistemas de recomendaci\u00f3n<\/li>\n<\/ul>\n<\/div>\n<p><a name=\"tools\"><\/a><\/p>\n<div class=\"wsite-spacer\">\n<p>Para entragar estos servicios nos basamos en las mejores herramientas de mercado, tales como:<\/p>\n<ul>\n<li><strong>Google<\/strong><a name=\"google\"><\/a>\n<ul>\n<li>Google Analytics (360, Classic, Universal, Enhanced Ecommerce, Measure Protocol, etc)<\/li>\n<li>Google Tag Manager<\/li>\n<li>Google Optimize<\/li>\n<li>Google Data Studio<\/li>\n<li>Google Bigquery<\/li>\n<li>Google Adwords<\/li>\n<li>Google Firebase<\/li>\n<li>Google Play<\/li>\n<li>Google Cloud Platform<\/li>\n<li>Google Apps Scripts<\/li>\n<li>Google DoubleClick Campaign Manager<\/li>\n<li>Google DoubleClick Bid Manager<\/li>\n<\/ul>\n<\/li>\n<li><strong>Adobe<\/strong><a name=\"adobe\"><\/a>\n<ul>\n<li>Analytics Analytics (Omniture)<\/li>\n<li>Adobe Dynamic Tag Management<\/li>\n<li>Adobe Workspace<\/li>\n<li>Adobe Reports &amp; Analytics (Omniture SiteCatalyst)<\/li>\n<li>Adobe Data Workbench (Omniture Insight)<\/li>\n<li>Adobe Data Connectors (Omniture Genesis)<\/li>\n<li>Adobe Marketing Cloud Suite<\/li>\n<li>Adobe Audience Manager<\/li>\n<li>Adobe Experience Manager<\/li>\n<li>Adobe Media Optimizer<\/li>\n<li>Adobe Target<\/li>\n<\/ul>\n<\/li>\n<li><strong>Herramientas de anal\u00edtica cualitativa<\/strong><a name=\"ux\"><\/a> (m\u00e9todos de investigaci\u00f3n de la experiencia de usuario: tests de usabilidad en remoto, encuestas, grabaci\u00f3n de visitas, mapas de calor, etc)\n<ul>\n<li>CrazzyEgg<\/li>\n<li>Clicktale<\/li>\n<li>Hotjar<\/li>\n<li>Yandex Metrica<\/li>\n<li>Qualaroo<\/li>\n<li>iPerceptions<\/li>\n<li>SurveyMonkey<\/li>\n<li>UserZoom<\/li>\n<li>UsabilityTools<\/li>\n<li>UsabilityHub<\/li>\n<\/ul>\n<\/li>\n<li><strong>Herramientas de testing<\/strong><a name=\"testing\"><\/a> (tests A\/B, multivariate, as\u00edncrono, s\u00edncrono, del lado cliente, de lado servidor, proxy, etc)\n<ul>\n<li>Google Optimize<\/li>\n<li>Adobe Target (Omniture Test&amp;Target)<\/li>\n<li>Visual Website Optimizer (VWO)<\/li>\n<li>Optimizely X (Optimizely classic)<\/li>\n<li>Convert Experiences<\/li>\n<li>Unbounce<\/li>\n<li>Sitespect (m\u00e9todo intercept)<\/li>\n<li>Oracle Maxymiser<\/li>\n<li>Qubit<\/li>\n<li>Monteate<\/li>\n<li>AB Tasty<\/li>\n<\/ul>\n<\/li>\n<li><strong>Otras herramientas de anal\u00edtica digital<\/strong><a name=\"other\"><\/a>\n<ul>\n<li>Segment<\/li>\n<li>Facebook Analytics<\/li>\n<li>Adjust<\/li>\n<li>Kissmetrics<\/li>\n<li>Mixpanel<\/li>\n<\/ul>\n<\/li>\n<\/ul>\n<p><img data-recalc-dims=\"1\" loading=\"lazy\" decoding=\"async\" class=\"alignnone wp-image-92 size-full\" src=\"https:\/\/i0.wp.com\/www.thediar.com\/wp-content\/uploads\/2016\/12\/dma_tech.jpg?resize=640%2C52\" width=\"640\" height=\"52\" srcset=\"https:\/\/i0.wp.com\/www.thediar.com\/wp-content\/uploads\/2016\/12\/dma_tech.jpg?w=941&amp;ssl=1 941w, https:\/\/i0.wp.com\/www.thediar.com\/wp-content\/uploads\/2016\/12\/dma_tech.jpg?resize=300%2C25&amp;ssl=1 300w, https:\/\/i0.wp.com\/www.thediar.com\/wp-content\/uploads\/2016\/12\/dma_tech.jpg?resize=768%2C63&amp;ssl=1 768w, https:\/\/i0.wp.com\/www.thediar.com\/wp-content\/uploads\/2016\/12\/dma_tech.jpg?resize=700%2C57&amp;ssl=1 700w, https:\/\/i0.wp.com\/www.thediar.com\/wp-content\/uploads\/2016\/12\/dma_tech.jpg?resize=520%2C43&amp;ssl=1 520w, https:\/\/i0.wp.com\/www.thediar.com\/wp-content\/uploads\/2016\/12\/dma_tech.jpg?resize=360%2C29&amp;ssl=1 360w, https:\/\/i0.wp.com\/www.thediar.com\/wp-content\/uploads\/2016\/12\/dma_tech.jpg?resize=250%2C20&amp;ssl=1 250w, https:\/\/i0.wp.com\/www.thediar.com\/wp-content\/uploads\/2016\/12\/dma_tech.jpg?resize=100%2C8&amp;ssl=1 100w\" sizes=\"auto, (max-width: 640px) 100vw, 640px\" \/><\/p>\n<ul class=\"list-pages-shortcode child-pages\"><li class=\"page_item page-item-387\"><a href=\"https:\/\/www.thediar.com\/es\/what-we-do\/digital-analytics-and-cro\/vwo\/\">A\/B testing: Tests \u00e1giles y efectivos con VWO<\/a><\/li>\n<\/ul>\n<\/div>\n<p><aside id=\"text-4\" class=\"widget widget_text amr_widget\"><h4 class=\"widget-title\">Descubre qu\u00e9 \u00e9xitos podemos hacer posible en tu compa\u00f1\u00eda<\/h4>\t\t\t<div class=\"textwidget\"><a class=\"button\" href=\"\/es\/meet-the-team\/success-stories\/\">Casos de \u00c9xito<\/a><\/div>\n\t\t<\/aside><\/p>","protected":false},"excerpt":{"rendered":"<p>Data-driven marketing optimization es un enfoque anal\u00edtico del marketing que valora que las decisiones que puedan\u00a0ser apoyadas\u00a0con datos verificables. El \u00e9xito del enfoque basado en datos depende de la calidad de los datos recopilados y de la eficacia de su [&hellip;]<\/p>\n","protected":false},"author":1,"featured_media":0,"parent":37,"menu_order":9,"comment_status":"closed","ping_status":"closed","template":"page-templates\/page_fullwidth.php","meta":{"footnotes":""},"class_list":["post-90","page","type-page","status-publish","hentry","clearfix"],"aioseo_notices":[],"jetpack_shortlink":"https:\/\/wp.me\/P8d1gX-1s","jetpack_sharing_enabled":true,"_links":{"self":[{"href":"https:\/\/www.thediar.com\/es\/wp-json\/wp\/v2\/pages\/90","targetHints":{"allow":["GET"]}}],"collection":[{"href":"https:\/\/www.thediar.com\/es\/wp-json\/wp\/v2\/pages"}],"about":[{"href":"https:\/\/www.thediar.com\/es\/wp-json\/wp\/v2\/types\/page"}],"author":[{"embeddable":true,"href":"https:\/\/www.thediar.com\/es\/wp-json\/wp\/v2\/users\/1"}],"replies":[{"embeddable":true,"href":"https:\/\/www.thediar.com\/es\/wp-json\/wp\/v2\/comments?post=90"}],"version-history":[{"count":35,"href":"https:\/\/www.thediar.com\/es\/wp-json\/wp\/v2\/pages\/90\/revisions"}],"predecessor-version":[{"id":973,"href":"https:\/\/www.thediar.com\/es\/wp-json\/wp\/v2\/pages\/90\/revisions\/973"}],"up":[{"embeddable":true,"href":"https:\/\/www.thediar.com\/es\/wp-json\/wp\/v2\/pages\/37"}],"wp:attachment":[{"href":"https:\/\/www.thediar.com\/es\/wp-json\/wp\/v2\/media?parent=90"}],"curies":[{"name":"wp","href":"https:\/\/api.w.org\/{rel}","templated":true}]}}