{"id":94,"date":"2016-12-15T22:24:12","date_gmt":"2016-12-15T21:24:12","guid":{"rendered":"http:\/\/dev.thediar.com\/?page_id=94"},"modified":"2019-07-09T19:55:29","modified_gmt":"2019-07-09T17:55:29","slug":"data-integration-processing","status":"publish","type":"page","link":"https:\/\/www.thediar.com\/es\/what-we-do\/data-integration-processing\/","title":{"rendered":"Integraci\u00f3n y Procesamiento de Datos"},"content":{"rendered":"<p><\/p>\n<div class=\"paragraph\">\n<p>Su compa\u00f1\u00eda o agencia tiene\u00a0<strong>datos<\/strong>\u00a0provenientes de diversas fuentes: bases de datos transaccionales, CRO, ERP, herramientas de anal\u00edtica digital, hojas de c\u00e1lculo, APIs, web services, redes sociales, etc. M\u00e1s a\u00fan, las fuentes y el volumen de datos\u00a0<strong>seguir\u00e1n creciendo<\/strong>\u00a0a medida que el negocio evoluciona. La\u00a0<strong>integraci\u00f3n de datos<\/strong>\u00a0consiste en recolectar, cruzar, enriquecer, consolidar y hacer que esta informaci\u00f3n est\u00e9\u00a0<strong>disponible<\/strong>\u00a0de forma sistem\u00e1tica, \u00e1gil, r\u00e1pida y eficiente. Si los datos son uno de los mayores activos en una compa\u00f1\u00eda, su correcta\u00a0<strong>consolidaci\u00f3n<\/strong>\u00a0es, de bien seguro, el segundo mejor activo.<\/p>\n<div class=\"wsite-image wsite-image-border-none \">\n<div>\u00a0<img data-recalc-dims=\"1\" loading=\"lazy\" decoding=\"async\" class=\"alignnone wp-image-95 size-full\" src=\"https:\/\/i0.wp.com\/www.thediar.com\/wp-content\/uploads\/2016\/12\/etl.jpg?resize=517%2C182\" width=\"517\" height=\"182\" srcset=\"https:\/\/i0.wp.com\/www.thediar.com\/wp-content\/uploads\/2016\/12\/etl.jpg?w=517&amp;ssl=1 517w, https:\/\/i0.wp.com\/www.thediar.com\/wp-content\/uploads\/2016\/12\/etl.jpg?resize=300%2C106&amp;ssl=1 300w, https:\/\/i0.wp.com\/www.thediar.com\/wp-content\/uploads\/2016\/12\/etl.jpg?resize=360%2C127&amp;ssl=1 360w, https:\/\/i0.wp.com\/www.thediar.com\/wp-content\/uploads\/2016\/12\/etl.jpg?resize=250%2C88&amp;ssl=1 250w, https:\/\/i0.wp.com\/www.thediar.com\/wp-content\/uploads\/2016\/12\/etl.jpg?resize=100%2C35&amp;ssl=1 100w\" sizes=\"auto, (max-width: 517px) 100vw, 517px\" \/><\/div>\n<\/div>\n<p>El objetivo \u00faltimo de la Integraci\u00f3n y Procesamiento de datos es la de transformar los datos en\u00a0<strong>informaci\u00f3n \u00fatil y accionable<\/strong>\u00a0para la\u00a0<strong>toma de decisiones<\/strong> y el <a href=\"https:\/\/www.thediar.com\/es\/what-we-do\/business-and-data-analytics\/\">an\u00e1lisis de negocio<\/a>. Uno de los mayores retos para maximizar la efectividad del uso de los datos es el de mover y transformar los datos desde diversas unidades de negocio y procesos de una manera eficiente.<\/p>\n<p>Muchas veces la informaci\u00f3n est\u00e1 organizada en\u00a0<strong>silos<\/strong>: diferentes \u00e1reas aisladas, departamentos y unidades de negocio no son capaces de cruzar datos de diferentes sistemas, dando como resultado una visi\u00f3n incompleta. Esto a la larga resulta en una gran inversi\u00f3n de tiempo dedicada a cruzar y consolidar datos, y no a los an\u00e1lisis. Otro problema muy com\u00fan es que frecuentemente las compa\u00f1\u00edas no disponen de una\u00a0<strong>fuente de verdad<\/strong>\u00a0para sus informes: dependiendo de la consulta utilizada o de la fuente utilizada, el output puede ser diferente.<\/p>\n<p>Los procesos\u00a0<strong>ETL<\/strong>\u00a0\u00a0(Extract, Transform, Load) nos ayudan a resolver estos problemas. Tener los datos integrados\u00a0implementando\u00a0un\u00a0<strong>DWH<\/strong>\u00a0(Data Warehouse)\u00a0permite tener un \u00fanico repositorio de datos consolidados desde d\u00f3nde se pueda extraer datos de manera eficiente, r\u00e1pida, automatizada y fiable.<\/p>\n<\/div>\n<div class=\"wsite-spacer\"><\/div>\n<div>\n<\/div>\n<div class=\"wsite-spacer\"><\/div>\n<div class=\"paragraph\">\n<p>A modo de ejemplo listamos algunas aplicaciones:<\/p>\n<ul>\n<li>Extracci\u00f3n y cruce de diversas fuentes<\/li>\n<li>C\u00e1lculos avanzados<\/li>\n<li>Depuplicaci\u00f3n de informaci\u00f3n<\/li>\n<li>Conceptualizaci\u00f3n e implementaci\u00f3n de procesos ETL<\/li>\n<li>Flujos de datos<\/li>\n<li>Limpieza de datos<\/li>\n<li>Data Warehousing<\/li>\n<li>Comprobaci\u00f3n de inconsistencias<\/li>\n<li>Homogeneizaci\u00f3n de registros<\/li>\n<li>Virtualizaci\u00f3n de Datos<\/li>\n<\/ul>\n<\/div>\n<div class=\"wsite-spacer\">\n<p>Para entregar estos servicios usamos las mejores herramientas del mercado, tales como:<\/p>\n<ul>\n<li>Talend<\/li>\n<li>Kettle<\/li>\n<li>Data Virtuality<\/li>\n<\/ul>\n<p><img data-recalc-dims=\"1\" loading=\"lazy\" decoding=\"async\" class=\"alignnone wp-image-96 size-full\" src=\"https:\/\/i0.wp.com\/www.thediar.com\/wp-content\/uploads\/2016\/12\/etl_tech.jpg?resize=640%2C87\" width=\"640\" height=\"87\" srcset=\"https:\/\/i0.wp.com\/www.thediar.com\/wp-content\/uploads\/2016\/12\/etl_tech.jpg?w=667&amp;ssl=1 667w, https:\/\/i0.wp.com\/www.thediar.com\/wp-content\/uploads\/2016\/12\/etl_tech.jpg?resize=300%2C41&amp;ssl=1 300w, https:\/\/i0.wp.com\/www.thediar.com\/wp-content\/uploads\/2016\/12\/etl_tech.jpg?resize=520%2C71&amp;ssl=1 520w, https:\/\/i0.wp.com\/www.thediar.com\/wp-content\/uploads\/2016\/12\/etl_tech.jpg?resize=360%2C49&amp;ssl=1 360w, https:\/\/i0.wp.com\/www.thediar.com\/wp-content\/uploads\/2016\/12\/etl_tech.jpg?resize=250%2C34&amp;ssl=1 250w, https:\/\/i0.wp.com\/www.thediar.com\/wp-content\/uploads\/2016\/12\/etl_tech.jpg?resize=100%2C14&amp;ssl=1 100w\" sizes=\"auto, (max-width: 640px) 100vw, 640px\" \/><\/p>\n<\/div>\n<p><aside id=\"text-4\" class=\"widget widget_text amr_widget\"><h4 class=\"widget-title\">Descubre qu\u00e9 \u00e9xitos podemos hacer posible en tu compa\u00f1\u00eda<\/h4>\t\t\t<div class=\"textwidget\"><a class=\"button\" href=\"\/es\/meet-the-team\/success-stories\/\">Casos de \u00c9xito<\/a><\/div>\n\t\t<\/aside><\/p>","protected":false},"excerpt":{"rendered":"<p>Su compa\u00f1\u00eda o agencia tiene\u00a0datos\u00a0provenientes de diversas fuentes: bases de datos transaccionales, CRO, ERP, herramientas de anal\u00edtica digital, hojas de c\u00e1lculo, APIs, web services, redes sociales, etc. M\u00e1s a\u00fan, las fuentes y el volumen de datos\u00a0seguir\u00e1n creciendo\u00a0a medida que el [&hellip;]<\/p>\n","protected":false},"author":1,"featured_media":0,"parent":37,"menu_order":8,"comment_status":"closed","ping_status":"closed","template":"page-templates\/page_fullwidth.php","meta":{"footnotes":""},"class_list":["post-94","page","type-page","status-publish","hentry","clearfix"],"aioseo_notices":[],"jetpack_shortlink":"https:\/\/wp.me\/P8d1gX-1w","jetpack_sharing_enabled":true,"_links":{"self":[{"href":"https:\/\/www.thediar.com\/es\/wp-json\/wp\/v2\/pages\/94","targetHints":{"allow":["GET"]}}],"collection":[{"href":"https:\/\/www.thediar.com\/es\/wp-json\/wp\/v2\/pages"}],"about":[{"href":"https:\/\/www.thediar.com\/es\/wp-json\/wp\/v2\/types\/page"}],"author":[{"embeddable":true,"href":"https:\/\/www.thediar.com\/es\/wp-json\/wp\/v2\/users\/1"}],"replies":[{"embeddable":true,"href":"https:\/\/www.thediar.com\/es\/wp-json\/wp\/v2\/comments?post=94"}],"version-history":[{"count":15,"href":"https:\/\/www.thediar.com\/es\/wp-json\/wp\/v2\/pages\/94\/revisions"}],"predecessor-version":[{"id":1909,"href":"https:\/\/www.thediar.com\/es\/wp-json\/wp\/v2\/pages\/94\/revisions\/1909"}],"up":[{"embeddable":true,"href":"https:\/\/www.thediar.com\/es\/wp-json\/wp\/v2\/pages\/37"}],"wp:attachment":[{"href":"https:\/\/www.thediar.com\/es\/wp-json\/wp\/v2\/media?parent=94"}],"curies":[{"name":"wp","href":"https:\/\/api.w.org\/{rel}","templated":true}]}}